{"id":623,"date":"2025-09-18T08:59:03","date_gmt":"2025-09-18T08:59:03","guid":{"rendered":"https:\/\/cosmo.itbeit.com\/?page_id=623"},"modified":"2025-10-10T10:44:58","modified_gmt":"2025-10-10T10:44:58","slug":"spot-marketing-tricks","status":"publish","type":"page","link":"https:\/\/cosmo.itbeit.com\/de\/spot-marketing-tricks\/","title":{"rendered":"Marketing-Tricks entlarven"},"content":{"rendered":"<div data-elementor-type=\"wp-page\" data-elementor-id=\"623\" class=\"elementor elementor-623\" data-elementor-post-type=\"page\">\n\t\t\t\t<div class=\"elementor-element elementor-element-dae21ec e-flex e-con-boxed e-con e-parent\" data-id=\"dae21ec\" data-element_type=\"container\" data-settings=\"{&quot;background_background&quot;:&quot;classic&quot;}\">\n\t\t\t\t\t<div class=\"e-con-inner\">\n\t\t<div class=\"elementor-element elementor-element-e1f133e e-con-full e-flex e-con e-child\" data-id=\"e1f133e\" data-element_type=\"container\" data-settings=\"{&quot;background_background&quot;:&quot;classic&quot;}\">\n\t\t<div class=\"elementor-element elementor-element-8ff7af6 e-con-full e-flex e-con e-child\" data-id=\"8ff7af6\" data-element_type=\"container\">\n\t\t\t\t<div class=\"elementor-element elementor-element-7510fe3 elementor-widget elementor-widget-heading\" data-id=\"7510fe3\" data-element_type=\"widget\" data-widget_type=\"heading.default\">\n\t\t\t\t\t<h2 class=\"elementor-heading-title elementor-size-default\">Marketing-Tricks entlarven<\/h2>\t\t\t\t<\/div>\n\t\t\t\t<div class=\"elementor-element elementor-element-15a4b5d elementor-widget elementor-widget-heading\" data-id=\"15a4b5d\" data-element_type=\"widget\" data-widget_type=\"heading.default\">\n\t\t\t\t\t<h2 class=\"elementor-heading-title elementor-size-default\">Mit Zuversicht<\/h2>\t\t\t\t<\/div>\n\t\t\t\t<\/div>\n\t\t\t\t<\/div>\n\t\t\t\t\t<\/div>\n\t\t\t\t<\/div>\n\t\t<div class=\"elementor-element elementor-element-f2a45de e-flex e-con-boxed e-con e-parent\" data-id=\"f2a45de\" data-element_type=\"container\">\n\t\t\t\t\t<div class=\"e-con-inner\">\n\t\t<div class=\"elementor-element elementor-element-855ad43 e-con-full e-flex e-con e-child\" data-id=\"855ad43\" data-element_type=\"container\">\n\t\t<div class=\"elementor-element elementor-element-dcbd3f5 e-con-full e-flex elementor-invisible e-con e-child\" data-id=\"dcbd3f5\" data-element_type=\"container\" data-settings=\"{&quot;animation&quot;:&quot;fadeInLeft&quot;}\">\n\t\t\t\t<div class=\"elementor-element elementor-element-b007646 h-fix elementor-widget elementor-widget-heading\" data-id=\"b007646\" data-element_type=\"widget\" data-widget_type=\"heading.default\">\n\t\t\t\t\t<h2 class=\"elementor-heading-title elementor-size-default\">Ihre Sicherheit, <span>Unsere Priorit\u00e4t<\/span> \n<\/h2>\t\t\t\t<\/div>\n\t\t<div class=\"elementor-element elementor-element-db664cc e-con-full e-flex e-con e-child\" data-id=\"db664cc\" data-element_type=\"container\">\n\t\t\t\t<div class=\"elementor-element elementor-element-1875104 elementor-align-left elementor-mobile-align-center elementor-widget__width-initial xoo-el-reg-tgr elementor-widget elementor-widget-button\" data-id=\"1875104\" data-element_type=\"widget\" data-widget_type=\"button.default\">\n\t\t\t\t\t\t\t\t\t\t<a class=\"elementor-button elementor-button-link elementor-size-sm\" href=\"https:\/\/cosmo.itbeit.com\/de\/my-account\/\">\n\t\t\t\t\t\t<span class=\"elementor-button-content-wrapper\">\n\t\t\t\t\t\t\t\t\t<span class=\"elementor-button-text\">Get Started<\/span>\n\t\t\t\t\t<\/span>\n\t\t\t\t\t<\/a>\n\t\t\t\t\t\t\t\t<\/div>\n\t\t\t\t<\/div>\n\t\t\t\t<\/div>\n\t\t<div class=\"elementor-element elementor-element-c2e494e e-con-full e-flex elementor-invisible e-con e-child\" data-id=\"c2e494e\" data-element_type=\"container\" data-settings=\"{&quot;animation&quot;:&quot;fadeInRight&quot;}\">\n\t\t\t\t<div class=\"elementor-element elementor-element-9e56f5a elementor-widget elementor-widget-text-editor\" data-id=\"9e56f5a\" data-element_type=\"widget\" data-widget_type=\"text-editor.default\">\n\t\t\t\t\t\t\t\t\t<p><strong>Das Tool Spot Marketing Tricks<\/strong> hilft Ihnen, \u00fcber die gl\u00e4nzenden Verpackungen und k\u00fchnen Versprechen von Hautpflegeprodukten hinwegzusehen. Durch die Analyse der Zutatenliste zeigt Cliniquemode, ob ein Produkt tats\u00e4chlich wirksame Inhaltsstoffe enth\u00e4lt oder nur auf Marketingaussagen setzt. Dieser Service gibt Ihnen die M\u00f6glichkeit, kl\u00fcgere Entscheidungen zu treffen und zu vermeiden, Geld f\u00fcr Produkte auszugeben, die keine Ergebnisse liefern.<\/p>\t\t\t\t\t\t\t\t<\/div>\n\t\t\t\t<\/div>\n\t\t\t\t<\/div>\n\t\t\t\t\t<\/div>\n\t\t\t\t<\/div>\n\t\t<div class=\"elementor-element elementor-element-a614327 e-flex e-con-boxed e-con e-parent\" data-id=\"a614327\" data-element_type=\"container\" data-settings=\"{&quot;background_background&quot;:&quot;classic&quot;}\">\n\t\t\t\t\t<div class=\"e-con-inner\">\n\t\t<div class=\"elementor-element elementor-element-a5659e5 e-con-full animated-fast e-flex elementor-invisible e-con e-child\" data-id=\"a5659e5\" data-element_type=\"container\" data-settings=\"{&quot;animation&quot;:&quot;fadeInUp&quot;,&quot;animation_delay&quot;:&quot;200&quot;,&quot;background_background&quot;:&quot;classic&quot;}\">\n\t\t\t\t<\/div>\n\t\t<div class=\"elementor-element elementor-element-6120dfc e-con-full animated-fast e-flex elementor-invisible e-con e-child\" data-id=\"6120dfc\" data-element_type=\"container\" data-settings=\"{&quot;animation&quot;:&quot;fadeInUp&quot;,&quot;animation_delay&quot;:&quot;400&quot;}\">\n\t\t\t\t<div class=\"elementor-element elementor-element-242fc0c h-fix elementor-widget elementor-widget-heading\" data-id=\"242fc0c\" data-element_type=\"widget\" data-widget_type=\"heading.default\">\n\t\t\t\t\t<h2 class=\"elementor-heading-title elementor-size-default\">Vorteile von <span>Sicherheit bewerten<\/span> <\/h2>\t\t\t\t<\/div>\n\t\t\t\t<div class=\"elementor-element elementor-element-5e63da3 elementor-widget__width-initial elementor-widget elementor-widget-text-editor\" data-id=\"5e63da3\" data-element_type=\"widget\" data-widget_type=\"text-editor.default\">\n\t\t\t\t\t\t\t\t\t<ul><li data-start=\"583\" data-end=\"684\"><p data-start=\"586\" data-end=\"684\"><strong>Deckt die Wahrheit auf<\/strong> \u2013 Zeigt, ob ein Produkt wirksame Inhaltsstoffe in effektiven Konzentrationen enth\u00e4lt.<\/p><\/li><li data-start=\"685\" data-end=\"791\"><p data-start=\"688\" data-end=\"791\"><strong>Vermeidet leere K\u00e4ufe<\/strong> \u2013 Hilft Ihnen, \u201eHype\u201c-Produkte ohne echten Wert zu meiden.<\/p><\/li><li data-start=\"792\" data-end=\"890\"><p data-start=\"795\" data-end=\"890\"><strong>Spart Geld<\/strong> \u2013 Investieren Sie nur in Produkte, die nachweislich Vorteile bringen.<\/p><\/li><li data-start=\"891\" data-end=\"997\"><p data-start=\"894\" data-end=\"997\"><strong>Erkl\u00e4rt klar<\/strong> \u2013 \u00dcbersetzt komplexe Zutatenlisten in einfache, verst\u00e4ndliche Einblicke.<\/p><\/li><li data-start=\"998\" data-end=\"1156\"><p data-start=\"1001\" data-end=\"1156\"><strong>St\u00e4rkt das Vertrauen<\/strong> \u2013 Gibt Ihnen Sicherheit beim Einkaufen, ohne sich von Werbung t\u00e4uschen zu lassen.<\/p><\/li><li data-start=\"1157\" data-end=\"1267\"><p data-start=\"1160\" data-end=\"1267\"><strong>Unterst\u00fctzt kluge Entscheidungen<\/strong> \u2013 Hilft Ihnen, eine Routine aufzubauen, die auf Wissenschaft basiert, nicht auf Slogans.<\/p><\/li><\/ul>\t\t\t\t\t\t\t\t<\/div>\n\t\t\t\t<div class=\"elementor-element elementor-element-ad5f45a elementor-mobile-align-center elementor-align-left elementor-widget elementor-widget-button\" data-id=\"ad5f45a\" data-element_type=\"widget\" data-widget_type=\"button.default\">\n\t\t\t\t\t\t\t\t\t\t<a class=\"elementor-button elementor-button-link elementor-size-sm\" href=\"#\">\n\t\t\t\t\t\t<span class=\"elementor-button-content-wrapper\">\n\t\t\t\t\t\t\t\t\t<span class=\"elementor-button-text\">Jetzt starten<\/span>\n\t\t\t\t\t<\/span>\n\t\t\t\t\t<\/a>\n\t\t\t\t\t\t\t\t<\/div>\n\t\t\t\t<\/div>\n\t\t\t\t\t<\/div>\n\t\t\t\t<\/div>\n\t\t<div class=\"elementor-element elementor-element-efd4437 e-flex e-con-boxed e-con e-parent\" data-id=\"efd4437\" data-element_type=\"container\" data-settings=\"{&quot;background_background&quot;:&quot;classic&quot;}\">\n\t\t\t\t\t<div class=\"e-con-inner\">\n\t\t<div class=\"elementor-element elementor-element-4e2a99a e-con-full animated-fast e-flex elementor-invisible e-con e-child\" data-id=\"4e2a99a\" data-element_type=\"container\" data-settings=\"{&quot;background_background&quot;:&quot;classic&quot;,&quot;animation&quot;:&quot;fadeInUp&quot;,&quot;animation_delay&quot;:&quot;200&quot;}\">\n\t\t<div class=\"elementor-element elementor-element-bd68ca3 e-con-full e-flex e-con e-child\" data-id=\"bd68ca3\" data-element_type=\"container\" data-settings=\"{&quot;background_background&quot;:&quot;classic&quot;}\">\n\t\t\t\t<div class=\"elementor-element elementor-element-de98985 elementor-widget elementor-widget-spacer\" data-id=\"de98985\" data-element_type=\"widget\" data-widget_type=\"spacer.default\">\n\t\t\t\t\t\t\t<div class=\"elementor-spacer\">\n\t\t\t<div class=\"elementor-spacer-inner\"><\/div>\n\t\t<\/div>\n\t\t\t\t\t\t<\/div>\n\t\t\t\t<\/div>\n\t\t<div class=\"elementor-element elementor-element-b1f029a e-con-full e-flex e-con e-child\" data-id=\"b1f029a\" data-element_type=\"container\" data-settings=\"{&quot;background_background&quot;:&quot;classic&quot;}\">\n\t\t\t\t<div class=\"elementor-element elementor-element-10d422f h-fix elementor-widget elementor-widget-heading\" data-id=\"10d422f\" data-element_type=\"widget\" data-widget_type=\"heading.default\">\n\t\t\t\t\t<h2 class=\"elementor-heading-title elementor-size-default translation-block\">So funktioniert es<\/h2>\t\t\t\t<\/div>\n\t\t<div class=\"elementor-element elementor-element-8cbb825 e-con-full e-flex e-con e-child\" data-id=\"8cbb825\" data-element_type=\"container\">\n\t\t\t\t<div class=\"elementor-element elementor-element-752d4fd elementor-widget__width-initial animated-fast elementor-position-top elementor-invisible elementor-widget elementor-widget-image-box\" data-id=\"752d4fd\" data-element_type=\"widget\" data-settings=\"{&quot;_animation&quot;:&quot;fadeInUp&quot;,&quot;_animation_delay&quot;:&quot;100&quot;}\" data-widget_type=\"image-box.default\">\n\t\t\t\t\t<div class=\"elementor-image-box-wrapper\"><figure class=\"elementor-image-box-img\"><img fetchpriority=\"high\" decoding=\"async\" width=\"1080\" height=\"1080\" src=\"https:\/\/cosmo.itbeit.com\/wp-content\/uploads\/2025\/09\/17.png\" class=\"attachment-full size-full wp-image-243\" alt=\"\" srcset=\"https:\/\/cosmo.itbeit.com\/wp-content\/uploads\/2025\/09\/17.png 1080w, https:\/\/cosmo.itbeit.com\/wp-content\/uploads\/2025\/09\/17-300x300.png 300w, https:\/\/cosmo.itbeit.com\/wp-content\/uploads\/2025\/09\/17-1024x1024.png 1024w, https:\/\/cosmo.itbeit.com\/wp-content\/uploads\/2025\/09\/17-150x150.png 150w, https:\/\/cosmo.itbeit.com\/wp-content\/uploads\/2025\/09\/17-768x768.png 768w, https:\/\/cosmo.itbeit.com\/wp-content\/uploads\/2025\/09\/17-600x600.png 600w, https:\/\/cosmo.itbeit.com\/wp-content\/uploads\/2025\/09\/17-100x100.png 100w\" sizes=\"(max-width: 1080px) 100vw, 1080px\" \/><\/figure><div class=\"elementor-image-box-content\"><h3 class=\"elementor-image-box-title\">Profil erstellen<\/h3><p class=\"elementor-image-box-description\">F\u00fcgen Sie Alter, Hauttyp, Klima, Hautprobleme und Produktvorlieben hinzu.<\/p><\/div><\/div>\t\t\t\t<\/div>\n\t\t\t\t<div class=\"elementor-element elementor-element-2469b7b elementor-widget__width-initial animated-fast elementor-position-top elementor-invisible elementor-widget elementor-widget-image-box\" data-id=\"2469b7b\" data-element_type=\"widget\" data-settings=\"{&quot;_animation&quot;:&quot;fadeInUp&quot;,&quot;_animation_delay&quot;:&quot;100&quot;}\" data-widget_type=\"image-box.default\">\n\t\t\t\t\t<div class=\"elementor-image-box-wrapper\"><figure class=\"elementor-image-box-img\"><img decoding=\"async\" width=\"1080\" height=\"1080\" src=\"https:\/\/cosmo.itbeit.com\/wp-content\/uploads\/2025\/09\/18.png\" class=\"attachment-full size-full wp-image-244\" alt=\"\" srcset=\"https:\/\/cosmo.itbeit.com\/wp-content\/uploads\/2025\/09\/18.png 1080w, https:\/\/cosmo.itbeit.com\/wp-content\/uploads\/2025\/09\/18-300x300.png 300w, https:\/\/cosmo.itbeit.com\/wp-content\/uploads\/2025\/09\/18-1024x1024.png 1024w, https:\/\/cosmo.itbeit.com\/wp-content\/uploads\/2025\/09\/18-150x150.png 150w, https:\/\/cosmo.itbeit.com\/wp-content\/uploads\/2025\/09\/18-768x768.png 768w, https:\/\/cosmo.itbeit.com\/wp-content\/uploads\/2025\/09\/18-600x600.png 600w, https:\/\/cosmo.itbeit.com\/wp-content\/uploads\/2025\/09\/18-100x100.png 100w\" sizes=\"(max-width: 1080px) 100vw, 1080px\" \/><\/figure><div class=\"elementor-image-box-content\"><h3 class=\"elementor-image-box-title\">Analysieren &amp; entdecken<\/h3><p class=\"elementor-image-box-description\">Erhalten Sie sofortige Aufschl\u00fcsselungen zu Inhaltsstoffen, Kompatibilit\u00e4t und Wirksamkeit.<\/p><\/div><\/div>\t\t\t\t<\/div>\n\t\t\t\t<div class=\"elementor-element elementor-element-c9f1713 elementor-widget__width-initial animated-fast elementor-position-top elementor-invisible elementor-widget elementor-widget-image-box\" data-id=\"c9f1713\" data-element_type=\"widget\" data-settings=\"{&quot;_animation&quot;:&quot;fadeInUp&quot;,&quot;_animation_delay&quot;:&quot;100&quot;}\" data-widget_type=\"image-box.default\">\n\t\t\t\t\t<div class=\"elementor-image-box-wrapper\"><figure class=\"elementor-image-box-img\"><img decoding=\"async\" width=\"1080\" height=\"1080\" src=\"https:\/\/cosmo.itbeit.com\/wp-content\/uploads\/2025\/09\/19.png\" class=\"attachment-full size-full wp-image-245\" alt=\"\" srcset=\"https:\/\/cosmo.itbeit.com\/wp-content\/uploads\/2025\/09\/19.png 1080w, https:\/\/cosmo.itbeit.com\/wp-content\/uploads\/2025\/09\/19-300x300.png 300w, https:\/\/cosmo.itbeit.com\/wp-content\/uploads\/2025\/09\/19-1024x1024.png 1024w, https:\/\/cosmo.itbeit.com\/wp-content\/uploads\/2025\/09\/19-150x150.png 150w, https:\/\/cosmo.itbeit.com\/wp-content\/uploads\/2025\/09\/19-768x768.png 768w, https:\/\/cosmo.itbeit.com\/wp-content\/uploads\/2025\/09\/19-600x600.png 600w, https:\/\/cosmo.itbeit.com\/wp-content\/uploads\/2025\/09\/19-100x100.png 100w\" sizes=\"(max-width: 1080px) 100vw, 1080px\" \/><\/figure><div class=\"elementor-image-box-content\"><h3 class=\"elementor-image-box-title translation-block\">Plan befolgen<\/h3><p class=\"elementor-image-box-description\">Erhalten Sie ma\u00dfgeschneiderte Hautpflegeroutinen, Alternativen und Tipps zur Optimierung Ihrer Ergebnisse.<\/p><\/div><\/div>\t\t\t\t<\/div>\n\t\t\t\t<\/div>\n\t\t\t\t<\/div>\n\t\t\t\t<\/div>\n\t\t\t\t\t<\/div>\n\t\t\t\t<\/div>\n\t\t<div class=\"elementor-element elementor-element-6ff644f e-flex e-con-boxed e-con e-parent\" data-id=\"6ff644f\" data-element_type=\"container\" data-settings=\"{&quot;background_background&quot;:&quot;classic&quot;}\">\n\t\t\t\t\t<div class=\"e-con-inner\">\n\t\t<div class=\"elementor-element elementor-element-93894e4 animated-fast e-flex e-con-boxed elementor-invisible e-con e-child\" data-id=\"93894e4\" data-element_type=\"container\" data-settings=\"{&quot;background_background&quot;:&quot;classic&quot;,&quot;animation&quot;:&quot;fadeInUp&quot;,&quot;animation_delay&quot;:&quot;200&quot;}\">\n\t\t\t\t\t<div class=\"e-con-inner\">\n\t\t<div class=\"elementor-element elementor-element-90bbdad e-con-full e-flex e-con e-child\" data-id=\"90bbdad\" data-element_type=\"container\">\n\t\t\t\t<div class=\"elementor-element elementor-element-1e593e3 h-fix elementor-widget elementor-widget-heading\" data-id=\"1e593e3\" data-element_type=\"widget\" data-widget_type=\"heading.default\">\n\t\t\t\t\t<h2 class=\"elementor-heading-title elementor-size-default translation-block\">Wichtig zu wissen<\/h2>\t\t\t\t<\/div>\n\t\t\t\t<div class=\"elementor-element elementor-element-a5a9645 elementor-widget__width-initial elementor-widget elementor-widget-text-editor\" data-id=\"a5a9645\" data-element_type=\"widget\" data-widget_type=\"text-editor.default\">\n\t\t\t\t\t\t\t\t\t<p class=\"translation-block\">Cliniquemode ist kein medizinischer Service. Wir sind keine \u00c4rzte, Dermatologen oder Kosmetologen.\nAlle Informationen sind empfehlend und zu Bildungszwecken gedacht. F\u00fcr medizinischen Rat wenden Sie sich bitte stets an einen qualifizierten Spezialisten.<\/p>\t\t\t\t\t\t\t\t<\/div>\n\t\t\t\t<\/div>\n\t\t<div class=\"elementor-element elementor-element-eeaa68a e-con-full e-flex e-con e-child\" data-id=\"eeaa68a\" data-element_type=\"container\">\n\t\t\t\t<div class=\"elementor-element elementor-element-cb421d0 e-transform e-transform elementor-widget elementor-widget-image\" data-id=\"cb421d0\" data-element_type=\"widget\" data-settings=\"{&quot;_transform_rotateZ_effect&quot;:{&quot;unit&quot;:&quot;px&quot;,&quot;size&quot;:&quot;-7&quot;,&quot;sizes&quot;:[]},&quot;_transform_translateX_effect&quot;:{&quot;unit&quot;:&quot;px&quot;,&quot;size&quot;:&quot;-11&quot;,&quot;sizes&quot;:[]},&quot;_transform_translateY_effect&quot;:{&quot;unit&quot;:&quot;px&quot;,&quot;size&quot;:&quot;-14&quot;,&quot;sizes&quot;:[]},&quot;_transform_rotateZ_effect_laptop&quot;:{&quot;unit&quot;:&quot;deg&quot;,&quot;size&quot;:&quot;&quot;,&quot;sizes&quot;:[]},&quot;_transform_rotateZ_effect_tablet&quot;:{&quot;unit&quot;:&quot;deg&quot;,&quot;size&quot;:&quot;&quot;,&quot;sizes&quot;:[]},&quot;_transform_rotateZ_effect_mobile&quot;:{&quot;unit&quot;:&quot;deg&quot;,&quot;size&quot;:&quot;&quot;,&quot;sizes&quot;:[]},&quot;_transform_translateX_effect_laptop&quot;:{&quot;unit&quot;:&quot;px&quot;,&quot;size&quot;:&quot;&quot;,&quot;sizes&quot;:[]},&quot;_transform_translateX_effect_tablet&quot;:{&quot;unit&quot;:&quot;px&quot;,&quot;size&quot;:&quot;&quot;,&quot;sizes&quot;:[]},&quot;_transform_translateX_effect_mobile&quot;:{&quot;unit&quot;:&quot;px&quot;,&quot;size&quot;:&quot;&quot;,&quot;sizes&quot;:[]},&quot;_transform_translateY_effect_laptop&quot;:{&quot;unit&quot;:&quot;px&quot;,&quot;size&quot;:&quot;&quot;,&quot;sizes&quot;:[]},&quot;_transform_translateY_effect_tablet&quot;:{&quot;unit&quot;:&quot;px&quot;,&quot;size&quot;:&quot;&quot;,&quot;sizes&quot;:[]},&quot;_transform_translateY_effect_mobile&quot;:{&quot;unit&quot;:&quot;px&quot;,&quot;size&quot;:&quot;&quot;,&quot;sizes&quot;:[]}}\" data-widget_type=\"image.default\">\n\t\t\t\t\t\t\t\t\t\t\t\t\t\t\t<img loading=\"lazy\" decoding=\"async\" width=\"1632\" height=\"920\" src=\"https:\/\/cosmo.itbeit.com\/wp-content\/uploads\/2025\/10\/cliniquemode49.webp\" class=\"attachment-full size-full wp-image-1172\" alt=\"\" srcset=\"https:\/\/cosmo.itbeit.com\/wp-content\/uploads\/2025\/10\/cliniquemode49.webp 1632w, https:\/\/cosmo.itbeit.com\/wp-content\/uploads\/2025\/10\/cliniquemode49-300x169.webp 300w, https:\/\/cosmo.itbeit.com\/wp-content\/uploads\/2025\/10\/cliniquemode49-1024x577.webp 1024w, https:\/\/cosmo.itbeit.com\/wp-content\/uploads\/2025\/10\/cliniquemode49-768x433.webp 768w, https:\/\/cosmo.itbeit.com\/wp-content\/uploads\/2025\/10\/cliniquemode49-1536x866.webp 1536w, https:\/\/cosmo.itbeit.com\/wp-content\/uploads\/2025\/10\/cliniquemode49-18x10.webp 18w, https:\/\/cosmo.itbeit.com\/wp-content\/uploads\/2025\/10\/cliniquemode49-600x338.webp 600w\" sizes=\"(max-width: 1632px) 100vw, 1632px\" \/>\t\t\t\t\t\t\t\t\t\t\t\t\t\t\t<\/div>\n\t\t\t\t<div class=\"elementor-element elementor-element-71bb24a e-transform e-transform elementor-widget elementor-widget-image\" data-id=\"71bb24a\" data-element_type=\"widget\" data-settings=\"{&quot;_transform_rotateZ_effect&quot;:{&quot;unit&quot;:&quot;px&quot;,&quot;size&quot;:&quot;8&quot;,&quot;sizes&quot;:[]},&quot;_transform_translateX_effect&quot;:{&quot;unit&quot;:&quot;px&quot;,&quot;size&quot;:&quot;-16&quot;,&quot;sizes&quot;:[]},&quot;_transform_translateX_effect_tablet&quot;:{&quot;unit&quot;:&quot;px&quot;,&quot;size&quot;:&quot;23&quot;,&quot;sizes&quot;:[]},&quot;_transform_translateY_effect&quot;:{&quot;unit&quot;:&quot;px&quot;,&quot;size&quot;:&quot;25&quot;,&quot;sizes&quot;:[]},&quot;_transform_translateY_effect_tablet&quot;:{&quot;unit&quot;:&quot;px&quot;,&quot;size&quot;:&quot;11&quot;,&quot;sizes&quot;:[]},&quot;_transform_rotateZ_effect_laptop&quot;:{&quot;unit&quot;:&quot;deg&quot;,&quot;size&quot;:&quot;&quot;,&quot;sizes&quot;:[]},&quot;_transform_rotateZ_effect_tablet&quot;:{&quot;unit&quot;:&quot;deg&quot;,&quot;size&quot;:&quot;&quot;,&quot;sizes&quot;:[]},&quot;_transform_rotateZ_effect_mobile&quot;:{&quot;unit&quot;:&quot;deg&quot;,&quot;size&quot;:&quot;&quot;,&quot;sizes&quot;:[]},&quot;_transform_translateX_effect_laptop&quot;:{&quot;unit&quot;:&quot;px&quot;,&quot;size&quot;:&quot;&quot;,&quot;sizes&quot;:[]},&quot;_transform_translateX_effect_mobile&quot;:{&quot;unit&quot;:&quot;px&quot;,&quot;size&quot;:&quot;&quot;,&quot;sizes&quot;:[]},&quot;_transform_translateY_effect_laptop&quot;:{&quot;unit&quot;:&quot;px&quot;,&quot;size&quot;:&quot;&quot;,&quot;sizes&quot;:[]},&quot;_transform_translateY_effect_mobile&quot;:{&quot;unit&quot;:&quot;px&quot;,&quot;size&quot;:&quot;&quot;,&quot;sizes&quot;:[]}}\" data-widget_type=\"image.default\">\n\t\t\t\t\t\t\t\t\t\t\t\t\t\t\t<img loading=\"lazy\" decoding=\"async\" width=\"1504\" height=\"1000\" src=\"https:\/\/cosmo.itbeit.com\/wp-content\/uploads\/2025\/10\/cliniquemode77.webp\" class=\"attachment-full size-full wp-image-1200\" alt=\"\" srcset=\"https:\/\/cosmo.itbeit.com\/wp-content\/uploads\/2025\/10\/cliniquemode77.webp 1504w, https:\/\/cosmo.itbeit.com\/wp-content\/uploads\/2025\/10\/cliniquemode77-300x199.webp 300w, https:\/\/cosmo.itbeit.com\/wp-content\/uploads\/2025\/10\/cliniquemode77-1024x681.webp 1024w, https:\/\/cosmo.itbeit.com\/wp-content\/uploads\/2025\/10\/cliniquemode77-768x511.webp 768w, https:\/\/cosmo.itbeit.com\/wp-content\/uploads\/2025\/10\/cliniquemode77-18x12.webp 18w, https:\/\/cosmo.itbeit.com\/wp-content\/uploads\/2025\/10\/cliniquemode77-600x399.webp 600w\" sizes=\"(max-width: 1504px) 100vw, 1504px\" \/>\t\t\t\t\t\t\t\t\t\t\t\t\t\t\t<\/div>\n\t\t\t\t<\/div>\n\t\t\t\t\t<\/div>\n\t\t\t\t<\/div>\n\t\t\t\t\t<\/div>\n\t\t\t\t<\/div>\n\t\t\t\t<\/div>","protected":false},"excerpt":{"rendered":"<p>Spot Marketing Tricks With Confidence try now Your Safety, Our Priority My account Get Started The Spot Marketing Tricks tool helps you see past the glossy packaging and bold promises of skincare products. By analyzing the ingredient list, Cliniquemode shows whether a product contains truly effective actives or if it\u2019s just relying on marketing claims. [&hellip;]<\/p>","protected":false},"author":2,"featured_media":0,"parent":0,"menu_order":0,"comment_status":"closed","ping_status":"closed","template":"","meta":{"footnotes":""},"class_list":["post-623","page","type-page","status-publish","hentry"],"_links":{"self":[{"href":"https:\/\/cosmo.itbeit.com\/de\/wp-json\/wp\/v2\/pages\/623","targetHints":{"allow":["GET"]}}],"collection":[{"href":"https:\/\/cosmo.itbeit.com\/de\/wp-json\/wp\/v2\/pages"}],"about":[{"href":"https:\/\/cosmo.itbeit.com\/de\/wp-json\/wp\/v2\/types\/page"}],"author":[{"embeddable":true,"href":"https:\/\/cosmo.itbeit.com\/de\/wp-json\/wp\/v2\/users\/2"}],"replies":[{"embeddable":true,"href":"https:\/\/cosmo.itbeit.com\/de\/wp-json\/wp\/v2\/comments?post=623"}],"version-history":[{"count":13,"href":"https:\/\/cosmo.itbeit.com\/de\/wp-json\/wp\/v2\/pages\/623\/revisions"}],"predecessor-version":[{"id":1465,"href":"https:\/\/cosmo.itbeit.com\/de\/wp-json\/wp\/v2\/pages\/623\/revisions\/1465"}],"wp:attachment":[{"href":"https:\/\/cosmo.itbeit.com\/de\/wp-json\/wp\/v2\/media?parent=623"}],"curies":[{"name":"wp","href":"https:\/\/api.w.org\/{rel}","templated":true}]}}