{"id":664,"date":"2025-09-18T10:32:01","date_gmt":"2025-09-18T10:32:01","guid":{"rendered":"https:\/\/cosmo.itbeit.com\/?page_id=664"},"modified":"2025-10-10T10:50:32","modified_gmt":"2025-10-10T10:50:32","slug":"full-product-review","status":"publish","type":"page","link":"https:\/\/cosmo.itbeit.com\/de\/full-product-review\/","title":{"rendered":"Die vollst\u00e4ndige Produktbewertung"},"content":{"rendered":"<div data-elementor-type=\"wp-page\" data-elementor-id=\"664\" class=\"elementor elementor-664\" data-elementor-post-type=\"page\">\n\t\t\t\t<div class=\"elementor-element elementor-element-a95d8e9 e-flex e-con-boxed e-con e-parent\" data-id=\"a95d8e9\" data-element_type=\"container\" data-settings=\"{&quot;background_background&quot;:&quot;classic&quot;}\">\n\t\t\t\t\t<div class=\"e-con-inner\">\n\t\t<div class=\"elementor-element elementor-element-563cd8c e-con-full e-flex e-con e-child\" data-id=\"563cd8c\" data-element_type=\"container\" data-settings=\"{&quot;background_background&quot;:&quot;classic&quot;}\">\n\t\t<div class=\"elementor-element elementor-element-b889a28 e-con-full e-flex e-con e-child\" data-id=\"b889a28\" data-element_type=\"container\">\n\t\t\t\t<div class=\"elementor-element elementor-element-ef84ca0 elementor-widget elementor-widget-heading\" data-id=\"ef84ca0\" data-element_type=\"widget\" data-widget_type=\"heading.default\">\n\t\t\t\t\t<h2 class=\"elementor-heading-title elementor-size-default\">Die vollst\u00e4ndige Produktbewertung<\/h2>\t\t\t\t<\/div>\n\t\t\t\t<div class=\"elementor-element elementor-element-52881a0 elementor-widget elementor-widget-heading\" data-id=\"52881a0\" data-element_type=\"widget\" data-widget_type=\"heading.default\">\n\t\t\t\t\t<h2 class=\"elementor-heading-title elementor-size-default\">Mit Zuversicht<\/h2>\t\t\t\t<\/div>\n\t\t\t\t<\/div>\n\t\t\t\t<\/div>\n\t\t\t\t\t<\/div>\n\t\t\t\t<\/div>\n\t\t<div class=\"elementor-element elementor-element-f2a45de e-flex e-con-boxed e-con e-parent\" data-id=\"f2a45de\" data-element_type=\"container\">\n\t\t\t\t\t<div class=\"e-con-inner\">\n\t\t<div class=\"elementor-element elementor-element-855ad43 e-con-full e-flex e-con e-child\" data-id=\"855ad43\" data-element_type=\"container\">\n\t\t<div class=\"elementor-element elementor-element-dcbd3f5 e-con-full e-flex elementor-invisible e-con e-child\" data-id=\"dcbd3f5\" data-element_type=\"container\" data-settings=\"{&quot;animation&quot;:&quot;fadeInLeft&quot;}\">\n\t\t\t\t<div class=\"elementor-element elementor-element-b007646 h-fix elementor-widget elementor-widget-heading\" data-id=\"b007646\" data-element_type=\"widget\" data-widget_type=\"heading.default\">\n\t\t\t\t\t<h2 class=\"elementor-heading-title elementor-size-default\">Ihre Sicherheit, <span>Unsere Priorit\u00e4t<\/span> \n<\/h2>\t\t\t\t<\/div>\n\t\t<div class=\"elementor-element elementor-element-db664cc e-con-full e-flex e-con e-child\" data-id=\"db664cc\" data-element_type=\"container\">\n\t\t\t\t<div class=\"elementor-element elementor-element-12becb9 elementor-align-left elementor-mobile-align-center elementor-widget__width-initial xoo-el-reg-tgr elementor-widget elementor-widget-button\" data-id=\"12becb9\" data-element_type=\"widget\" data-widget_type=\"button.default\">\n\t\t\t\t\t\t\t\t\t\t<a class=\"elementor-button elementor-button-link elementor-size-sm\" href=\"https:\/\/cosmo.itbeit.com\/de\/my-account\/\">\n\t\t\t\t\t\t<span class=\"elementor-button-content-wrapper\">\n\t\t\t\t\t\t\t\t\t<span class=\"elementor-button-text\">Get Started<\/span>\n\t\t\t\t\t<\/span>\n\t\t\t\t\t<\/a>\n\t\t\t\t\t\t\t\t<\/div>\n\t\t\t\t<\/div>\n\t\t\t\t<\/div>\n\t\t<div class=\"elementor-element elementor-element-c2e494e e-con-full e-flex elementor-invisible e-con e-child\" data-id=\"c2e494e\" data-element_type=\"container\" data-settings=\"{&quot;animation&quot;:&quot;fadeInRight&quot;}\">\n\t\t\t\t<div class=\"elementor-element elementor-element-9e56f5a elementor-widget elementor-widget-text-editor\" data-id=\"9e56f5a\" data-element_type=\"widget\" data-widget_type=\"text-editor.default\">\n\t\t\t\t\t\t\t\t\t<p><strong>Die vollst\u00e4ndige Produktbewertung<\/strong> das Tool bietet eine umfassende Analyse Ihrer Hautpflegeprodukte. Anstatt sich nur auf einen Aspekt zu konzentrieren, ber\u00fccksichtigt es alle Schritte: Eignung f\u00fcr Ihre Haut, Sicherheit der Inhaltsstoffe, Kompatibilit\u00e4t mit Ihrer Routine, Wirksamkeit und Kategorieempfehlungen. Diese umfassende \u00dcberpr\u00fcfung gibt Ihnen einen vollst\u00e4ndigen \u00dcberblick, sodass Sie fundierte Entscheidungen dar\u00fcber treffen k\u00f6nnen, was Sie behalten, was Sie ersetzen und wie Sie Ihre Produkte effektiv anwenden.<\/p>\t\t\t\t\t\t\t\t<\/div>\n\t\t\t\t<\/div>\n\t\t\t\t<\/div>\n\t\t\t\t\t<\/div>\n\t\t\t\t<\/div>\n\t\t<div class=\"elementor-element elementor-element-a614327 e-flex e-con-boxed e-con e-parent\" data-id=\"a614327\" data-element_type=\"container\" data-settings=\"{&quot;background_background&quot;:&quot;classic&quot;}\">\n\t\t\t\t\t<div class=\"e-con-inner\">\n\t\t<div class=\"elementor-element elementor-element-a5659e5 e-con-full animated-fast e-flex elementor-invisible e-con e-child\" data-id=\"a5659e5\" data-element_type=\"container\" data-settings=\"{&quot;animation&quot;:&quot;fadeInUp&quot;,&quot;animation_delay&quot;:&quot;200&quot;,&quot;background_background&quot;:&quot;classic&quot;}\">\n\t\t\t\t<\/div>\n\t\t<div class=\"elementor-element elementor-element-6120dfc e-con-full animated-fast e-flex elementor-invisible e-con e-child\" data-id=\"6120dfc\" data-element_type=\"container\" data-settings=\"{&quot;animation&quot;:&quot;fadeInUp&quot;,&quot;animation_delay&quot;:&quot;400&quot;}\">\n\t\t\t\t<div class=\"elementor-element elementor-element-242fc0c h-fix elementor-widget elementor-widget-heading\" data-id=\"242fc0c\" data-element_type=\"widget\" data-widget_type=\"heading.default\">\n\t\t\t\t\t<h2 class=\"elementor-heading-title elementor-size-default\">Vorteile von <span>Sicherheit bewerten<\/span> <\/h2>\t\t\t\t<\/div>\n\t\t\t\t<div class=\"elementor-element elementor-element-5e63da3 elementor-widget__width-initial elementor-widget elementor-widget-text-editor\" data-id=\"5e63da3\" data-element_type=\"widget\" data-widget_type=\"text-editor.default\">\n\t\t\t\t\t\t\t\t\t<ul><li data-start=\"583\" data-end=\"684\"><p data-start=\"586\" data-end=\"684\"><strong>Umfassende Analyse<\/strong> \u2013 Deckt Eignung, Sicherheit, Kompatibilit\u00e4t, Wirksamkeit und mehr ab.<\/p><\/li><li data-start=\"685\" data-end=\"791\"><p data-start=\"688\" data-end=\"791\"><strong>Personalisierte Einblicke<\/strong> \u2013 Abgestimmt auf Ihr Profil, Ihren Lebensstil und Ihre Hautpflegeziele.<\/p><\/li><li data-start=\"792\" data-end=\"890\"><p data-start=\"795\" data-end=\"890\"><strong>Zeitersparnis<\/strong> \u2013 Ein Bericht anstelle der separaten \u00dcberpr\u00fcfung jeder einzelnen Funktion.<\/p><\/li><li data-start=\"891\" data-end=\"997\"><p data-start=\"894\" data-end=\"997\"><strong>Klare Empfehlungen<\/strong> \u2013 Leicht verst\u00e4ndliche Ratschl\u00e4ge, ob ein Produkt beibehalten, ersetzt oder angepasst werden sollte.<\/p><\/li><li data-start=\"998\" data-end=\"1156\"><p data-start=\"1001\" data-end=\"1156\"><strong>Ausgewogene Routine<\/strong> \u2013 Stellt sicher, dass alle Produkte zusammenarbeiten und gesunde, gleichm\u00e4\u00dfige Ergebnisse liefern.<\/p><\/li><li data-start=\"1157\" data-end=\"1267\"><p data-start=\"1160\" data-end=\"1267\"><strong>Vertrauen &amp; Klarheit<\/strong> \u2013 Keine Verwirrung \u2013 nur eine vollst\u00e4ndige Aufschl\u00fcsselung, der Sie vertrauen k\u00f6nnen.<\/p><\/li><\/ul>\t\t\t\t\t\t\t\t<\/div>\n\t\t\t\t<div class=\"elementor-element elementor-element-ad5f45a elementor-mobile-align-center elementor-align-left elementor-widget elementor-widget-button\" data-id=\"ad5f45a\" data-element_type=\"widget\" data-widget_type=\"button.default\">\n\t\t\t\t\t\t\t\t\t\t<a class=\"elementor-button elementor-button-link elementor-size-sm\" href=\"#\">\n\t\t\t\t\t\t<span class=\"elementor-button-content-wrapper\">\n\t\t\t\t\t\t\t\t\t<span class=\"elementor-button-text\">Jetzt starten<\/span>\n\t\t\t\t\t<\/span>\n\t\t\t\t\t<\/a>\n\t\t\t\t\t\t\t\t<\/div>\n\t\t\t\t<\/div>\n\t\t\t\t\t<\/div>\n\t\t\t\t<\/div>\n\t\t<div class=\"elementor-element elementor-element-bc53da9 e-flex e-con-boxed e-con e-parent\" data-id=\"bc53da9\" data-element_type=\"container\" data-settings=\"{&quot;background_background&quot;:&quot;classic&quot;}\">\n\t\t\t\t\t<div class=\"e-con-inner\">\n\t\t<div class=\"elementor-element elementor-element-76f5676 e-con-full animated-fast e-flex elementor-invisible e-con e-child\" data-id=\"76f5676\" data-element_type=\"container\" data-settings=\"{&quot;background_background&quot;:&quot;classic&quot;,&quot;animation&quot;:&quot;fadeInUp&quot;,&quot;animation_delay&quot;:&quot;200&quot;}\">\n\t\t<div class=\"elementor-element elementor-element-25be73d e-con-full e-flex e-con e-child\" data-id=\"25be73d\" data-element_type=\"container\" data-settings=\"{&quot;background_background&quot;:&quot;classic&quot;}\">\n\t\t\t\t<div class=\"elementor-element elementor-element-5f31c81 elementor-widget elementor-widget-spacer\" data-id=\"5f31c81\" data-element_type=\"widget\" data-widget_type=\"spacer.default\">\n\t\t\t\t\t\t\t<div class=\"elementor-spacer\">\n\t\t\t<div class=\"elementor-spacer-inner\"><\/div>\n\t\t<\/div>\n\t\t\t\t\t\t<\/div>\n\t\t\t\t<\/div>\n\t\t<div class=\"elementor-element elementor-element-5d49844 e-con-full e-flex e-con e-child\" data-id=\"5d49844\" data-element_type=\"container\" data-settings=\"{&quot;background_background&quot;:&quot;classic&quot;}\">\n\t\t\t\t<div class=\"elementor-element elementor-element-9000952 h-fix elementor-widget elementor-widget-heading\" data-id=\"9000952\" data-element_type=\"widget\" data-widget_type=\"heading.default\">\n\t\t\t\t\t<h2 class=\"elementor-heading-title elementor-size-default translation-block\">So funktioniert es<\/h2>\t\t\t\t<\/div>\n\t\t<div class=\"elementor-element elementor-element-52f4453 e-con-full e-flex e-con e-child\" data-id=\"52f4453\" data-element_type=\"container\">\n\t\t\t\t<div class=\"elementor-element elementor-element-c05b8e0 elementor-widget__width-initial animated-fast elementor-position-top elementor-invisible elementor-widget elementor-widget-image-box\" data-id=\"c05b8e0\" data-element_type=\"widget\" data-settings=\"{&quot;_animation&quot;:&quot;fadeInUp&quot;,&quot;_animation_delay&quot;:&quot;100&quot;}\" data-widget_type=\"image-box.default\">\n\t\t\t\t\t<div class=\"elementor-image-box-wrapper\"><figure class=\"elementor-image-box-img\"><img fetchpriority=\"high\" decoding=\"async\" width=\"1080\" height=\"1080\" src=\"https:\/\/cosmo.itbeit.com\/wp-content\/uploads\/2025\/09\/17.png\" class=\"attachment-full size-full wp-image-243\" alt=\"\" srcset=\"https:\/\/cosmo.itbeit.com\/wp-content\/uploads\/2025\/09\/17.png 1080w, https:\/\/cosmo.itbeit.com\/wp-content\/uploads\/2025\/09\/17-300x300.png 300w, https:\/\/cosmo.itbeit.com\/wp-content\/uploads\/2025\/09\/17-1024x1024.png 1024w, https:\/\/cosmo.itbeit.com\/wp-content\/uploads\/2025\/09\/17-150x150.png 150w, https:\/\/cosmo.itbeit.com\/wp-content\/uploads\/2025\/09\/17-768x768.png 768w, https:\/\/cosmo.itbeit.com\/wp-content\/uploads\/2025\/09\/17-600x600.png 600w, https:\/\/cosmo.itbeit.com\/wp-content\/uploads\/2025\/09\/17-100x100.png 100w\" sizes=\"(max-width: 1080px) 100vw, 1080px\" \/><\/figure><div class=\"elementor-image-box-content\"><h3 class=\"elementor-image-box-title\">Profil erstellen<\/h3><p class=\"elementor-image-box-description\">F\u00fcgen Sie Alter, Hauttyp, Klima, Hautprobleme und Produktvorlieben hinzu.<\/p><\/div><\/div>\t\t\t\t<\/div>\n\t\t\t\t<div class=\"elementor-element elementor-element-303f694 elementor-widget__width-initial animated-fast elementor-position-top elementor-invisible elementor-widget elementor-widget-image-box\" data-id=\"303f694\" data-element_type=\"widget\" data-settings=\"{&quot;_animation&quot;:&quot;fadeInUp&quot;,&quot;_animation_delay&quot;:&quot;100&quot;}\" data-widget_type=\"image-box.default\">\n\t\t\t\t\t<div class=\"elementor-image-box-wrapper\"><figure class=\"elementor-image-box-img\"><img decoding=\"async\" width=\"1080\" height=\"1080\" src=\"https:\/\/cosmo.itbeit.com\/wp-content\/uploads\/2025\/09\/18.png\" class=\"attachment-full size-full wp-image-244\" alt=\"\" srcset=\"https:\/\/cosmo.itbeit.com\/wp-content\/uploads\/2025\/09\/18.png 1080w, https:\/\/cosmo.itbeit.com\/wp-content\/uploads\/2025\/09\/18-300x300.png 300w, https:\/\/cosmo.itbeit.com\/wp-content\/uploads\/2025\/09\/18-1024x1024.png 1024w, https:\/\/cosmo.itbeit.com\/wp-content\/uploads\/2025\/09\/18-150x150.png 150w, https:\/\/cosmo.itbeit.com\/wp-content\/uploads\/2025\/09\/18-768x768.png 768w, https:\/\/cosmo.itbeit.com\/wp-content\/uploads\/2025\/09\/18-600x600.png 600w, https:\/\/cosmo.itbeit.com\/wp-content\/uploads\/2025\/09\/18-100x100.png 100w\" sizes=\"(max-width: 1080px) 100vw, 1080px\" \/><\/figure><div class=\"elementor-image-box-content\"><h3 class=\"elementor-image-box-title\">Analysieren &amp; entdecken<\/h3><p class=\"elementor-image-box-description\">Erhalten Sie sofortige Aufschl\u00fcsselungen zu Inhaltsstoffen, Kompatibilit\u00e4t und Wirksamkeit.<\/p><\/div><\/div>\t\t\t\t<\/div>\n\t\t\t\t<div class=\"elementor-element elementor-element-28a1f9b elementor-widget__width-initial animated-fast elementor-position-top elementor-invisible elementor-widget elementor-widget-image-box\" data-id=\"28a1f9b\" data-element_type=\"widget\" data-settings=\"{&quot;_animation&quot;:&quot;fadeInUp&quot;,&quot;_animation_delay&quot;:&quot;100&quot;}\" data-widget_type=\"image-box.default\">\n\t\t\t\t\t<div class=\"elementor-image-box-wrapper\"><figure class=\"elementor-image-box-img\"><img decoding=\"async\" width=\"1080\" height=\"1080\" src=\"https:\/\/cosmo.itbeit.com\/wp-content\/uploads\/2025\/09\/19.png\" class=\"attachment-full size-full wp-image-245\" alt=\"\" srcset=\"https:\/\/cosmo.itbeit.com\/wp-content\/uploads\/2025\/09\/19.png 1080w, https:\/\/cosmo.itbeit.com\/wp-content\/uploads\/2025\/09\/19-300x300.png 300w, https:\/\/cosmo.itbeit.com\/wp-content\/uploads\/2025\/09\/19-1024x1024.png 1024w, https:\/\/cosmo.itbeit.com\/wp-content\/uploads\/2025\/09\/19-150x150.png 150w, https:\/\/cosmo.itbeit.com\/wp-content\/uploads\/2025\/09\/19-768x768.png 768w, https:\/\/cosmo.itbeit.com\/wp-content\/uploads\/2025\/09\/19-600x600.png 600w, https:\/\/cosmo.itbeit.com\/wp-content\/uploads\/2025\/09\/19-100x100.png 100w\" sizes=\"(max-width: 1080px) 100vw, 1080px\" \/><\/figure><div class=\"elementor-image-box-content\"><h3 class=\"elementor-image-box-title translation-block\">Plan befolgen<\/h3><p class=\"elementor-image-box-description\">Erhalten Sie ma\u00dfgeschneiderte Hautpflegeroutinen, Alternativen und Tipps zur Optimierung Ihrer Ergebnisse.<\/p><\/div><\/div>\t\t\t\t<\/div>\n\t\t\t\t<\/div>\n\t\t\t\t<\/div>\n\t\t\t\t<\/div>\n\t\t\t\t\t<\/div>\n\t\t\t\t<\/div>\n\t\t<div class=\"elementor-element elementor-element-c6a89dc e-flex e-con-boxed e-con e-parent\" data-id=\"c6a89dc\" data-element_type=\"container\" data-settings=\"{&quot;background_background&quot;:&quot;classic&quot;}\">\n\t\t\t\t\t<div class=\"e-con-inner\">\n\t\t<div class=\"elementor-element elementor-element-4e788f0 animated-fast e-flex e-con-boxed elementor-invisible e-con e-child\" data-id=\"4e788f0\" data-element_type=\"container\" data-settings=\"{&quot;background_background&quot;:&quot;classic&quot;,&quot;animation&quot;:&quot;fadeInUp&quot;,&quot;animation_delay&quot;:&quot;200&quot;}\">\n\t\t\t\t\t<div class=\"e-con-inner\">\n\t\t<div class=\"elementor-element elementor-element-21d6eb5 e-con-full e-flex e-con e-child\" data-id=\"21d6eb5\" data-element_type=\"container\">\n\t\t\t\t<div class=\"elementor-element elementor-element-b462e7b h-fix elementor-widget elementor-widget-heading\" data-id=\"b462e7b\" data-element_type=\"widget\" data-widget_type=\"heading.default\">\n\t\t\t\t\t<h2 class=\"elementor-heading-title elementor-size-default translation-block\">Wichtig zu wissen<\/h2>\t\t\t\t<\/div>\n\t\t\t\t<div class=\"elementor-element elementor-element-5cab979 elementor-widget__width-initial elementor-widget elementor-widget-text-editor\" data-id=\"5cab979\" data-element_type=\"widget\" data-widget_type=\"text-editor.default\">\n\t\t\t\t\t\t\t\t\t<p class=\"translation-block\">Cliniquemode ist kein medizinischer Service. Wir sind keine \u00c4rzte, Dermatologen oder Kosmetologen.\nAlle Informationen sind empfehlend und zu Bildungszwecken gedacht. F\u00fcr medizinischen Rat wenden Sie sich bitte stets an einen qualifizierten Spezialisten.<\/p>\t\t\t\t\t\t\t\t<\/div>\n\t\t\t\t<\/div>\n\t\t<div class=\"elementor-element elementor-element-a7a5869 e-con-full e-flex e-con e-child\" data-id=\"a7a5869\" data-element_type=\"container\">\n\t\t\t\t<div class=\"elementor-element elementor-element-20ee67b e-transform e-transform elementor-widget elementor-widget-image\" data-id=\"20ee67b\" data-element_type=\"widget\" data-settings=\"{&quot;_transform_rotateZ_effect&quot;:{&quot;unit&quot;:&quot;px&quot;,&quot;size&quot;:&quot;-7&quot;,&quot;sizes&quot;:[]},&quot;_transform_translateX_effect&quot;:{&quot;unit&quot;:&quot;px&quot;,&quot;size&quot;:&quot;-11&quot;,&quot;sizes&quot;:[]},&quot;_transform_translateY_effect&quot;:{&quot;unit&quot;:&quot;px&quot;,&quot;size&quot;:&quot;-14&quot;,&quot;sizes&quot;:[]},&quot;_transform_rotateZ_effect_laptop&quot;:{&quot;unit&quot;:&quot;deg&quot;,&quot;size&quot;:&quot;&quot;,&quot;sizes&quot;:[]},&quot;_transform_rotateZ_effect_tablet&quot;:{&quot;unit&quot;:&quot;deg&quot;,&quot;size&quot;:&quot;&quot;,&quot;sizes&quot;:[]},&quot;_transform_rotateZ_effect_mobile&quot;:{&quot;unit&quot;:&quot;deg&quot;,&quot;size&quot;:&quot;&quot;,&quot;sizes&quot;:[]},&quot;_transform_translateX_effect_laptop&quot;:{&quot;unit&quot;:&quot;px&quot;,&quot;size&quot;:&quot;&quot;,&quot;sizes&quot;:[]},&quot;_transform_translateX_effect_tablet&quot;:{&quot;unit&quot;:&quot;px&quot;,&quot;size&quot;:&quot;&quot;,&quot;sizes&quot;:[]},&quot;_transform_translateX_effect_mobile&quot;:{&quot;unit&quot;:&quot;px&quot;,&quot;size&quot;:&quot;&quot;,&quot;sizes&quot;:[]},&quot;_transform_translateY_effect_laptop&quot;:{&quot;unit&quot;:&quot;px&quot;,&quot;size&quot;:&quot;&quot;,&quot;sizes&quot;:[]},&quot;_transform_translateY_effect_tablet&quot;:{&quot;unit&quot;:&quot;px&quot;,&quot;size&quot;:&quot;&quot;,&quot;sizes&quot;:[]},&quot;_transform_translateY_effect_mobile&quot;:{&quot;unit&quot;:&quot;px&quot;,&quot;size&quot;:&quot;&quot;,&quot;sizes&quot;:[]}}\" data-widget_type=\"image.default\">\n\t\t\t\t\t\t\t\t\t\t\t\t\t\t\t<img loading=\"lazy\" decoding=\"async\" width=\"1632\" height=\"920\" src=\"https:\/\/cosmo.itbeit.com\/wp-content\/uploads\/2025\/10\/cliniquemode49.webp\" class=\"attachment-full size-full wp-image-1172\" alt=\"\" srcset=\"https:\/\/cosmo.itbeit.com\/wp-content\/uploads\/2025\/10\/cliniquemode49.webp 1632w, https:\/\/cosmo.itbeit.com\/wp-content\/uploads\/2025\/10\/cliniquemode49-300x169.webp 300w, https:\/\/cosmo.itbeit.com\/wp-content\/uploads\/2025\/10\/cliniquemode49-1024x577.webp 1024w, https:\/\/cosmo.itbeit.com\/wp-content\/uploads\/2025\/10\/cliniquemode49-768x433.webp 768w, https:\/\/cosmo.itbeit.com\/wp-content\/uploads\/2025\/10\/cliniquemode49-1536x866.webp 1536w, https:\/\/cosmo.itbeit.com\/wp-content\/uploads\/2025\/10\/cliniquemode49-18x10.webp 18w, https:\/\/cosmo.itbeit.com\/wp-content\/uploads\/2025\/10\/cliniquemode49-600x338.webp 600w\" sizes=\"(max-width: 1632px) 100vw, 1632px\" \/>\t\t\t\t\t\t\t\t\t\t\t\t\t\t\t<\/div>\n\t\t\t\t<div class=\"elementor-element elementor-element-cea0069 e-transform e-transform elementor-widget elementor-widget-image\" data-id=\"cea0069\" data-element_type=\"widget\" data-settings=\"{&quot;_transform_rotateZ_effect&quot;:{&quot;unit&quot;:&quot;px&quot;,&quot;size&quot;:&quot;8&quot;,&quot;sizes&quot;:[]},&quot;_transform_translateX_effect&quot;:{&quot;unit&quot;:&quot;px&quot;,&quot;size&quot;:&quot;-16&quot;,&quot;sizes&quot;:[]},&quot;_transform_translateX_effect_tablet&quot;:{&quot;unit&quot;:&quot;px&quot;,&quot;size&quot;:&quot;23&quot;,&quot;sizes&quot;:[]},&quot;_transform_translateY_effect&quot;:{&quot;unit&quot;:&quot;px&quot;,&quot;size&quot;:&quot;25&quot;,&quot;sizes&quot;:[]},&quot;_transform_translateY_effect_tablet&quot;:{&quot;unit&quot;:&quot;px&quot;,&quot;size&quot;:&quot;11&quot;,&quot;sizes&quot;:[]},&quot;_transform_rotateZ_effect_laptop&quot;:{&quot;unit&quot;:&quot;deg&quot;,&quot;size&quot;:&quot;&quot;,&quot;sizes&quot;:[]},&quot;_transform_rotateZ_effect_tablet&quot;:{&quot;unit&quot;:&quot;deg&quot;,&quot;size&quot;:&quot;&quot;,&quot;sizes&quot;:[]},&quot;_transform_rotateZ_effect_mobile&quot;:{&quot;unit&quot;:&quot;deg&quot;,&quot;size&quot;:&quot;&quot;,&quot;sizes&quot;:[]},&quot;_transform_translateX_effect_laptop&quot;:{&quot;unit&quot;:&quot;px&quot;,&quot;size&quot;:&quot;&quot;,&quot;sizes&quot;:[]},&quot;_transform_translateX_effect_mobile&quot;:{&quot;unit&quot;:&quot;px&quot;,&quot;size&quot;:&quot;&quot;,&quot;sizes&quot;:[]},&quot;_transform_translateY_effect_laptop&quot;:{&quot;unit&quot;:&quot;px&quot;,&quot;size&quot;:&quot;&quot;,&quot;sizes&quot;:[]},&quot;_transform_translateY_effect_mobile&quot;:{&quot;unit&quot;:&quot;px&quot;,&quot;size&quot;:&quot;&quot;,&quot;sizes&quot;:[]}}\" data-widget_type=\"image.default\">\n\t\t\t\t\t\t\t\t\t\t\t\t\t\t\t<img loading=\"lazy\" decoding=\"async\" width=\"1504\" height=\"1000\" src=\"https:\/\/cosmo.itbeit.com\/wp-content\/uploads\/2025\/10\/cliniquemode77.webp\" class=\"attachment-full size-full wp-image-1200\" alt=\"\" srcset=\"https:\/\/cosmo.itbeit.com\/wp-content\/uploads\/2025\/10\/cliniquemode77.webp 1504w, https:\/\/cosmo.itbeit.com\/wp-content\/uploads\/2025\/10\/cliniquemode77-300x199.webp 300w, https:\/\/cosmo.itbeit.com\/wp-content\/uploads\/2025\/10\/cliniquemode77-1024x681.webp 1024w, https:\/\/cosmo.itbeit.com\/wp-content\/uploads\/2025\/10\/cliniquemode77-768x511.webp 768w, https:\/\/cosmo.itbeit.com\/wp-content\/uploads\/2025\/10\/cliniquemode77-18x12.webp 18w, https:\/\/cosmo.itbeit.com\/wp-content\/uploads\/2025\/10\/cliniquemode77-600x399.webp 600w\" sizes=\"(max-width: 1504px) 100vw, 1504px\" \/>\t\t\t\t\t\t\t\t\t\t\t\t\t\t\t<\/div>\n\t\t\t\t<\/div>\n\t\t\t\t\t<\/div>\n\t\t\t\t<\/div>\n\t\t\t\t\t<\/div>\n\t\t\t\t<\/div>\n\t\t\t\t<\/div>","protected":false},"excerpt":{"rendered":"<p>Full Product Review With Confidence try now Your Safety, Our Priority Get Started My account The Full Product Review tool provides an all-in-one analysis of your skincare products. Instead of focusing on just one aspect, it combines every step: suitability for your skin, safety of ingredients, compatibility with your routine, effectiveness, and category recommendations. This [&hellip;]<\/p>","protected":false},"author":2,"featured_media":0,"parent":0,"menu_order":0,"comment_status":"closed","ping_status":"closed","template":"","meta":{"footnotes":""},"class_list":["post-664","page","type-page","status-publish","hentry"],"_links":{"self":[{"href":"https:\/\/cosmo.itbeit.com\/de\/wp-json\/wp\/v2\/pages\/664","targetHints":{"allow":["GET"]}}],"collection":[{"href":"https:\/\/cosmo.itbeit.com\/de\/wp-json\/wp\/v2\/pages"}],"about":[{"href":"https:\/\/cosmo.itbeit.com\/de\/wp-json\/wp\/v2\/types\/page"}],"author":[{"embeddable":true,"href":"https:\/\/cosmo.itbeit.com\/de\/wp-json\/wp\/v2\/users\/2"}],"replies":[{"embeddable":true,"href":"https:\/\/cosmo.itbeit.com\/de\/wp-json\/wp\/v2\/comments?post=664"}],"version-history":[{"count":22,"href":"https:\/\/cosmo.itbeit.com\/de\/wp-json\/wp\/v2\/pages\/664\/revisions"}],"predecessor-version":[{"id":1477,"href":"https:\/\/cosmo.itbeit.com\/de\/wp-json\/wp\/v2\/pages\/664\/revisions\/1477"}],"wp:attachment":[{"href":"https:\/\/cosmo.itbeit.com\/de\/wp-json\/wp\/v2\/media?parent=664"}],"curies":[{"name":"wp","href":"https:\/\/api.w.org\/{rel}","templated":true}]}}