{"id":367,"date":"2025-09-15T12:55:41","date_gmt":"2025-09-15T12:55:41","guid":{"rendered":"https:\/\/cosmo.itbeit.com\/?page_id=367"},"modified":"2025-10-10T10:26:53","modified_gmt":"2025-10-10T10:26:53","slug":"check-suitability","status":"publish","type":"page","link":"https:\/\/cosmo.itbeit.com\/fr\/check-suitability\/","title":{"rendered":"V\u00e9rifier l\u2019ad\u00e9quation"},"content":{"rendered":"<div data-elementor-type=\"wp-page\" data-elementor-id=\"367\" class=\"elementor elementor-367\" data-elementor-post-type=\"page\">\n\t\t\t\t<div class=\"elementor-element elementor-element-71c6f65 e-flex e-con-boxed e-con e-parent\" data-id=\"71c6f65\" data-element_type=\"container\" data-settings=\"{&quot;background_background&quot;:&quot;classic&quot;}\">\n\t\t\t\t\t<div class=\"e-con-inner\">\n\t\t<div class=\"elementor-element elementor-element-9491e27 e-con-full e-flex e-con e-child\" data-id=\"9491e27\" data-element_type=\"container\" data-settings=\"{&quot;background_background&quot;:&quot;classic&quot;}\">\n\t\t<div class=\"elementor-element elementor-element-1fda3e6 e-con-full e-flex e-con e-child\" data-id=\"1fda3e6\" data-element_type=\"container\">\n\t\t\t\t<div class=\"elementor-element elementor-element-e1f0308 elementor-widget elementor-widget-heading\" data-id=\"e1f0308\" data-element_type=\"widget\" data-widget_type=\"heading.default\">\n\t\t\t\t\t<h2 class=\"elementor-heading-title elementor-size-default\">V\u00e9rifier l\u2019ad\u00e9quation<\/h2>\t\t\t\t<\/div>\n\t\t\t\t<div class=\"elementor-element elementor-element-586b114 elementor-widget elementor-widget-heading\" data-id=\"586b114\" data-element_type=\"widget\" data-widget_type=\"heading.default\">\n\t\t\t\t\t<h2 class=\"elementor-heading-title elementor-size-default\">Avec confiance<\/h2>\t\t\t\t<\/div>\n\t\t\t\t<\/div>\n\t\t\t\t<\/div>\n\t\t\t\t\t<\/div>\n\t\t\t\t<\/div>\n\t\t<div class=\"elementor-element elementor-element-f2a45de e-flex e-con-boxed e-con e-parent\" data-id=\"f2a45de\" data-element_type=\"container\">\n\t\t\t\t\t<div class=\"e-con-inner\">\n\t\t<div class=\"elementor-element elementor-element-855ad43 e-con-full e-flex e-con e-child\" data-id=\"855ad43\" data-element_type=\"container\">\n\t\t<div class=\"elementor-element elementor-element-dcbd3f5 e-con-full e-flex elementor-invisible e-con e-child\" data-id=\"dcbd3f5\" data-element_type=\"container\" data-settings=\"{&quot;animation&quot;:&quot;fadeInLeft&quot;}\">\n\t\t\t\t<div class=\"elementor-element elementor-element-b007646 h-fix elementor-widget elementor-widget-heading\" data-id=\"b007646\" data-element_type=\"widget\" data-widget_type=\"heading.default\">\n\t\t\t\t\t<h2 class=\"elementor-heading-title elementor-size-default\">Discover Your Skin\u2019s <span>Perfect Match<\/span> <\/h2>\t\t\t\t<\/div>\n\t\t\t\t<div class=\"elementor-element elementor-element-390bf8d elementor-align-left elementor-mobile-align-center elementor-widget__width-initial xoo-el-reg-tgr elementor-widget elementor-widget-button\" data-id=\"390bf8d\" data-element_type=\"widget\" data-widget_type=\"button.default\">\n\t\t\t\t\t\t\t\t\t\t<a class=\"elementor-button elementor-button-link elementor-size-sm\" href=\"https:\/\/cosmo.itbeit.com\/fr\/my-account\/\">\n\t\t\t\t\t\t<span class=\"elementor-button-content-wrapper\">\n\t\t\t\t\t\t\t\t\t<span class=\"elementor-button-text\">Get Started<\/span>\n\t\t\t\t\t<\/span>\n\t\t\t\t\t<\/a>\n\t\t\t\t\t\t\t\t<\/div>\n\t\t\t\t<\/div>\n\t\t<div class=\"elementor-element elementor-element-c2e494e e-con-full e-flex elementor-invisible e-con e-child\" data-id=\"c2e494e\" data-element_type=\"container\" data-settings=\"{&quot;animation&quot;:&quot;fadeInRight&quot;}\">\n\t\t\t\t<div class=\"elementor-element elementor-element-9e56f5a elementor-widget elementor-widget-text-editor\" data-id=\"9e56f5a\" data-element_type=\"widget\" data-widget_type=\"text-editor.default\">\n\t\t\t\t\t\t\t\t\t<p>L\u2019outil Check Suitability vous aide \u00e0 d\u00e9couvrir si un produit de soin est fait pour vous. En analysant votre type de peau, votre \u00e2ge, votre style de vie et vos pr\u00e9occupations sp\u00e9cifiques, Cliniquemode d\u00e9termine dans quelle mesure un produit correspond \u00e0 vos besoins individuels.<\/p><p>Ainsi, vous pouvez \u00e9viter les irritations, r\u00e9duire les achats inutiles et choisir des produits qui fonctionnent vraiment pour votre peau.<\/p>\t\t\t\t\t\t\t\t<\/div>\n\t\t\t\t<\/div>\n\t\t\t\t<\/div>\n\t\t\t\t\t<\/div>\n\t\t\t\t<\/div>\n\t\t<div class=\"elementor-element elementor-element-a614327 e-flex e-con-boxed e-con e-parent\" data-id=\"a614327\" data-element_type=\"container\" data-settings=\"{&quot;background_background&quot;:&quot;classic&quot;}\">\n\t\t\t\t\t<div class=\"e-con-inner\">\n\t\t<div class=\"elementor-element elementor-element-a5659e5 e-con-full animated-fast e-flex elementor-invisible e-con e-child\" data-id=\"a5659e5\" data-element_type=\"container\" data-settings=\"{&quot;animation&quot;:&quot;fadeInUp&quot;,&quot;animation_delay&quot;:&quot;200&quot;,&quot;background_background&quot;:&quot;classic&quot;}\">\n\t\t\t\t<\/div>\n\t\t<div class=\"elementor-element elementor-element-6120dfc e-con-full animated-fast e-flex elementor-invisible e-con e-child\" data-id=\"6120dfc\" data-element_type=\"container\" data-settings=\"{&quot;animation&quot;:&quot;fadeInUp&quot;,&quot;animation_delay&quot;:&quot;400&quot;}\">\n\t\t\t\t<div class=\"elementor-element elementor-element-242fc0c h-fix elementor-widget elementor-widget-heading\" data-id=\"242fc0c\" data-element_type=\"widget\" data-widget_type=\"heading.default\">\n\t\t\t\t\t<h2 class=\"elementor-heading-title elementor-size-default\">Avantages de <span>V\u00e9rifier l\u2019ad\u00e9quation<\/span> <\/h2>\t\t\t\t<\/div>\n\t\t\t\t<div class=\"elementor-element elementor-element-5e63da3 elementor-widget__width-initial elementor-widget elementor-widget-text-editor\" data-id=\"5e63da3\" data-element_type=\"widget\" data-widget_type=\"text-editor.default\">\n\t\t\t\t\t\t\t\t\t<ul><li data-start=\"672\" data-end=\"782\"><p data-start=\"675\" data-end=\"782\"><strong data-start=\"675\" data-end=\"699\">R\u00e9sultats personnalis\u00e9s<\/strong> \u2013 \u00c9value les produits en fonction de votre profil cutan\u00e9 unique, et non sur des hypoth\u00e8ses g\u00e9n\u00e9rales.<\/p><\/li><li data-start=\"783\" data-end=\"890\"><p data-start=\"786\" data-end=\"890\"><strong data-start=\"786\" data-end=\"807\">\u00c9vite les irritations<\/strong> \u2013 Signale les ingr\u00e9dients pouvant provoquer une sensibilit\u00e9 ou un inconfort pour votre type de peau.<\/p><\/li><li data-start=\"891\" data-end=\"990\"><p data-start=\"894\" data-end=\"990\"><strong data-start=\"894\" data-end=\"916\">Fait gagner du temps &amp; de l\u2019argent<\/strong> \u2013 \u00c9vite les achats inutiles de produits qui ne r\u00e9pondent pas \u00e0 vos besoins.<\/p><\/li><li data-start=\"991\" data-end=\"1084\"><p data-start=\"994\" data-end=\"1084\"><strong data-start=\"994\" data-end=\"1023\">Favorise de meilleures d\u00e9cisions<\/strong> \u2013 Vous aide \u00e0 comprendre pourquoi un produit est ou n\u2019est pas adapt\u00e9.<\/p><\/li><li data-start=\"1085\" data-end=\"1186\"><p data-start=\"1088\" data-end=\"1186\"><strong data-start=\"1088\" data-end=\"1111\">S\u2019adapte au style de vie<\/strong> \u2013 Prend en compte des facteurs tels que le climat, l\u2019\u00e2ge et les habitudes quotidiennes dans son analyse.<\/p><\/li><li data-start=\"1187\" data-end=\"1287\"><p data-start=\"1190\" data-end=\"1287\"><strong data-start=\"1190\" data-end=\"1211\">Renforce la confiance<\/strong> \u2013 Vous assure que vos choix de soins sont adapt\u00e9s \u00e0 vous.<\/p><\/li><\/ul>\t\t\t\t\t\t\t\t<\/div>\n\t\t\t\t<div class=\"elementor-element elementor-element-ad5f45a elementor-mobile-align-center elementor-align-left elementor-widget elementor-widget-button\" data-id=\"ad5f45a\" data-element_type=\"widget\" data-widget_type=\"button.default\">\n\t\t\t\t\t\t\t\t\t\t<a class=\"elementor-button elementor-button-link elementor-size-sm\" href=\"#\">\n\t\t\t\t\t\t<span class=\"elementor-button-content-wrapper\">\n\t\t\t\t\t\t\t\t\t<span class=\"elementor-button-text\">Commencer<\/span>\n\t\t\t\t\t<\/span>\n\t\t\t\t\t<\/a>\n\t\t\t\t\t\t\t\t<\/div>\n\t\t\t\t<\/div>\n\t\t\t\t\t<\/div>\n\t\t\t\t<\/div>\n\t\t<div class=\"elementor-element elementor-element-6f89b89 e-flex e-con-boxed e-con e-parent\" data-id=\"6f89b89\" data-element_type=\"container\" data-settings=\"{&quot;background_background&quot;:&quot;classic&quot;}\">\n\t\t\t\t\t<div class=\"e-con-inner\">\n\t\t<div class=\"elementor-element elementor-element-db15d60 e-con-full animated-fast e-flex elementor-invisible e-con e-child\" data-id=\"db15d60\" data-element_type=\"container\" data-settings=\"{&quot;background_background&quot;:&quot;classic&quot;,&quot;animation&quot;:&quot;fadeInUp&quot;,&quot;animation_delay&quot;:&quot;200&quot;}\">\n\t\t<div class=\"elementor-element elementor-element-53445e6 e-con-full e-flex e-con e-child\" data-id=\"53445e6\" data-element_type=\"container\" data-settings=\"{&quot;background_background&quot;:&quot;classic&quot;}\">\n\t\t\t\t<div class=\"elementor-element elementor-element-13434a2 elementor-widget elementor-widget-spacer\" data-id=\"13434a2\" data-element_type=\"widget\" data-widget_type=\"spacer.default\">\n\t\t\t\t\t\t\t<div class=\"elementor-spacer\">\n\t\t\t<div class=\"elementor-spacer-inner\"><\/div>\n\t\t<\/div>\n\t\t\t\t\t\t<\/div>\n\t\t\t\t<\/div>\n\t\t<div class=\"elementor-element elementor-element-1941b35 e-con-full e-flex e-con e-child\" data-id=\"1941b35\" data-element_type=\"container\" data-settings=\"{&quot;background_background&quot;:&quot;classic&quot;}\">\n\t\t\t\t<div class=\"elementor-element elementor-element-1814f3b h-fix elementor-widget elementor-widget-heading\" data-id=\"1814f3b\" data-element_type=\"widget\" data-widget_type=\"heading.default\">\n\t\t\t\t\t<h2 class=\"elementor-heading-title elementor-size-default translation-block\">Comment \u00e7a marche<\/h2>\t\t\t\t<\/div>\n\t\t<div class=\"elementor-element elementor-element-573e3ea e-con-full e-flex e-con e-child\" data-id=\"573e3ea\" data-element_type=\"container\">\n\t\t\t\t<div class=\"elementor-element elementor-element-6431c25 elementor-widget__width-initial animated-fast elementor-position-top elementor-invisible elementor-widget elementor-widget-image-box\" data-id=\"6431c25\" data-element_type=\"widget\" data-settings=\"{&quot;_animation&quot;:&quot;fadeInUp&quot;,&quot;_animation_delay&quot;:&quot;100&quot;}\" data-widget_type=\"image-box.default\">\n\t\t\t\t\t<div class=\"elementor-image-box-wrapper\"><figure class=\"elementor-image-box-img\"><img fetchpriority=\"high\" decoding=\"async\" width=\"1080\" height=\"1080\" src=\"https:\/\/cosmo.itbeit.com\/wp-content\/uploads\/2025\/09\/17.png\" class=\"attachment-full size-full wp-image-243\" alt=\"\" srcset=\"https:\/\/cosmo.itbeit.com\/wp-content\/uploads\/2025\/09\/17.png 1080w, https:\/\/cosmo.itbeit.com\/wp-content\/uploads\/2025\/09\/17-300x300.png 300w, https:\/\/cosmo.itbeit.com\/wp-content\/uploads\/2025\/09\/17-1024x1024.png 1024w, https:\/\/cosmo.itbeit.com\/wp-content\/uploads\/2025\/09\/17-150x150.png 150w, https:\/\/cosmo.itbeit.com\/wp-content\/uploads\/2025\/09\/17-768x768.png 768w, https:\/\/cosmo.itbeit.com\/wp-content\/uploads\/2025\/09\/17-600x600.png 600w, https:\/\/cosmo.itbeit.com\/wp-content\/uploads\/2025\/09\/17-100x100.png 100w\" sizes=\"(max-width: 1080px) 100vw, 1080px\" \/><\/figure><div class=\"elementor-image-box-content\"><h3 class=\"elementor-image-box-title\">Cr\u00e9er votre profil<\/h3><p class=\"elementor-image-box-description\">Ajoutez votre \u00e2ge, type de peau, climat, pr\u00e9occupations et pr\u00e9f\u00e9rences produits.<\/p><\/div><\/div>\t\t\t\t<\/div>\n\t\t\t\t<div class=\"elementor-element elementor-element-3767120 elementor-widget__width-initial animated-fast elementor-position-top elementor-invisible elementor-widget elementor-widget-image-box\" data-id=\"3767120\" data-element_type=\"widget\" data-settings=\"{&quot;_animation&quot;:&quot;fadeInUp&quot;,&quot;_animation_delay&quot;:&quot;100&quot;}\" data-widget_type=\"image-box.default\">\n\t\t\t\t\t<div class=\"elementor-image-box-wrapper\"><figure class=\"elementor-image-box-img\"><img decoding=\"async\" width=\"1080\" height=\"1080\" src=\"https:\/\/cosmo.itbeit.com\/wp-content\/uploads\/2025\/09\/18.png\" class=\"attachment-full size-full wp-image-244\" alt=\"\" srcset=\"https:\/\/cosmo.itbeit.com\/wp-content\/uploads\/2025\/09\/18.png 1080w, https:\/\/cosmo.itbeit.com\/wp-content\/uploads\/2025\/09\/18-300x300.png 300w, https:\/\/cosmo.itbeit.com\/wp-content\/uploads\/2025\/09\/18-1024x1024.png 1024w, https:\/\/cosmo.itbeit.com\/wp-content\/uploads\/2025\/09\/18-150x150.png 150w, https:\/\/cosmo.itbeit.com\/wp-content\/uploads\/2025\/09\/18-768x768.png 768w, https:\/\/cosmo.itbeit.com\/wp-content\/uploads\/2025\/09\/18-600x600.png 600w, https:\/\/cosmo.itbeit.com\/wp-content\/uploads\/2025\/09\/18-100x100.png 100w\" sizes=\"(max-width: 1080px) 100vw, 1080px\" \/><\/figure><div class=\"elementor-image-box-content\"><h3 class=\"elementor-image-box-title\">Analyser &amp; explorer<\/h3><p class=\"elementor-image-box-description\">Obtenez imm\u00e9diatement des analyses des ingr\u00e9dients, de la compatibilit\u00e9 et de l\u2019efficacit\u00e9.<\/p><\/div><\/div>\t\t\t\t<\/div>\n\t\t\t\t<div class=\"elementor-element elementor-element-56a07a0 elementor-widget__width-initial animated-fast elementor-position-top elementor-invisible elementor-widget elementor-widget-image-box\" data-id=\"56a07a0\" data-element_type=\"widget\" data-settings=\"{&quot;_animation&quot;:&quot;fadeInUp&quot;,&quot;_animation_delay&quot;:&quot;100&quot;}\" data-widget_type=\"image-box.default\">\n\t\t\t\t\t<div class=\"elementor-image-box-wrapper\"><figure class=\"elementor-image-box-img\"><img decoding=\"async\" width=\"1080\" height=\"1080\" src=\"https:\/\/cosmo.itbeit.com\/wp-content\/uploads\/2025\/09\/19.png\" class=\"attachment-full size-full wp-image-245\" alt=\"\" srcset=\"https:\/\/cosmo.itbeit.com\/wp-content\/uploads\/2025\/09\/19.png 1080w, https:\/\/cosmo.itbeit.com\/wp-content\/uploads\/2025\/09\/19-300x300.png 300w, https:\/\/cosmo.itbeit.com\/wp-content\/uploads\/2025\/09\/19-1024x1024.png 1024w, https:\/\/cosmo.itbeit.com\/wp-content\/uploads\/2025\/09\/19-150x150.png 150w, https:\/\/cosmo.itbeit.com\/wp-content\/uploads\/2025\/09\/19-768x768.png 768w, https:\/\/cosmo.itbeit.com\/wp-content\/uploads\/2025\/09\/19-600x600.png 600w, https:\/\/cosmo.itbeit.com\/wp-content\/uploads\/2025\/09\/19-100x100.png 100w\" sizes=\"(max-width: 1080px) 100vw, 1080px\" \/><\/figure><div class=\"elementor-image-box-content\"><h3 class=\"elementor-image-box-title translation-block\">Suivre votre plan<\/h3><p class=\"elementor-image-box-description\">Recevez des routines de soins personnalis\u00e9es, des alternatives et des conseils pour optimiser vos r\u00e9sultats.<\/p><\/div><\/div>\t\t\t\t<\/div>\n\t\t\t\t<\/div>\n\t\t\t\t<\/div>\n\t\t\t\t<\/div>\n\t\t\t\t\t<\/div>\n\t\t\t\t<\/div>\n\t\t<div class=\"elementor-element elementor-element-11f4607 e-flex e-con-boxed e-con e-parent\" data-id=\"11f4607\" data-element_type=\"container\" data-settings=\"{&quot;background_background&quot;:&quot;classic&quot;}\">\n\t\t\t\t\t<div class=\"e-con-inner\">\n\t\t<div class=\"elementor-element elementor-element-0decfe4 animated-fast e-flex e-con-boxed elementor-invisible e-con e-child\" data-id=\"0decfe4\" data-element_type=\"container\" data-settings=\"{&quot;background_background&quot;:&quot;classic&quot;,&quot;animation&quot;:&quot;fadeInUp&quot;,&quot;animation_delay&quot;:&quot;200&quot;}\">\n\t\t\t\t\t<div class=\"e-con-inner\">\n\t\t<div class=\"elementor-element elementor-element-e3baa32 e-con-full e-flex e-con e-child\" data-id=\"e3baa32\" data-element_type=\"container\">\n\t\t\t\t<div class=\"elementor-element elementor-element-e903c0a h-fix elementor-widget elementor-widget-heading\" data-id=\"e903c0a\" data-element_type=\"widget\" data-widget_type=\"heading.default\">\n\t\t\t\t\t<h2 class=\"elementor-heading-title elementor-size-default translation-block\">Important \u00e0 savoir<\/h2>\t\t\t\t<\/div>\n\t\t\t\t<div class=\"elementor-element elementor-element-f42ae3f elementor-widget__width-initial elementor-widget elementor-widget-text-editor\" data-id=\"f42ae3f\" data-element_type=\"widget\" data-widget_type=\"text-editor.default\">\n\t\t\t\t\t\t\t\t\t<p class=\"translation-block\">Cliniquemode n\u2019est pas un service m\u00e9dical. Nous ne sommes pas m\u00e9decins, dermatologues ou cosm\u00e9tologues.\nToutes les informations sont recommandationnelles et \u00e9ducatives. Pour tout conseil m\u00e9dical, consultez toujours un sp\u00e9cialiste qualifi\u00e9.<\/p>\t\t\t\t\t\t\t\t<\/div>\n\t\t\t\t<\/div>\n\t\t<div class=\"elementor-element elementor-element-b485175 e-con-full e-flex e-con e-child\" data-id=\"b485175\" data-element_type=\"container\">\n\t\t\t\t<div class=\"elementor-element elementor-element-15aafca e-transform e-transform elementor-widget elementor-widget-image\" data-id=\"15aafca\" data-element_type=\"widget\" data-settings=\"{&quot;_transform_rotateZ_effect&quot;:{&quot;unit&quot;:&quot;px&quot;,&quot;size&quot;:&quot;-7&quot;,&quot;sizes&quot;:[]},&quot;_transform_translateX_effect&quot;:{&quot;unit&quot;:&quot;px&quot;,&quot;size&quot;:&quot;-11&quot;,&quot;sizes&quot;:[]},&quot;_transform_translateY_effect&quot;:{&quot;unit&quot;:&quot;px&quot;,&quot;size&quot;:&quot;-14&quot;,&quot;sizes&quot;:[]},&quot;_transform_rotateZ_effect_laptop&quot;:{&quot;unit&quot;:&quot;deg&quot;,&quot;size&quot;:&quot;&quot;,&quot;sizes&quot;:[]},&quot;_transform_rotateZ_effect_tablet&quot;:{&quot;unit&quot;:&quot;deg&quot;,&quot;size&quot;:&quot;&quot;,&quot;sizes&quot;:[]},&quot;_transform_rotateZ_effect_mobile&quot;:{&quot;unit&quot;:&quot;deg&quot;,&quot;size&quot;:&quot;&quot;,&quot;sizes&quot;:[]},&quot;_transform_translateX_effect_laptop&quot;:{&quot;unit&quot;:&quot;px&quot;,&quot;size&quot;:&quot;&quot;,&quot;sizes&quot;:[]},&quot;_transform_translateX_effect_tablet&quot;:{&quot;unit&quot;:&quot;px&quot;,&quot;size&quot;:&quot;&quot;,&quot;sizes&quot;:[]},&quot;_transform_translateX_effect_mobile&quot;:{&quot;unit&quot;:&quot;px&quot;,&quot;size&quot;:&quot;&quot;,&quot;sizes&quot;:[]},&quot;_transform_translateY_effect_laptop&quot;:{&quot;unit&quot;:&quot;px&quot;,&quot;size&quot;:&quot;&quot;,&quot;sizes&quot;:[]},&quot;_transform_translateY_effect_tablet&quot;:{&quot;unit&quot;:&quot;px&quot;,&quot;size&quot;:&quot;&quot;,&quot;sizes&quot;:[]},&quot;_transform_translateY_effect_mobile&quot;:{&quot;unit&quot;:&quot;px&quot;,&quot;size&quot;:&quot;&quot;,&quot;sizes&quot;:[]}}\" data-widget_type=\"image.default\">\n\t\t\t\t\t\t\t\t\t\t\t\t\t\t\t<img loading=\"lazy\" decoding=\"async\" width=\"1632\" height=\"920\" src=\"https:\/\/cosmo.itbeit.com\/wp-content\/uploads\/2025\/10\/cliniquemode49.webp\" class=\"attachment-full size-full wp-image-1172\" alt=\"\" srcset=\"https:\/\/cosmo.itbeit.com\/wp-content\/uploads\/2025\/10\/cliniquemode49.webp 1632w, https:\/\/cosmo.itbeit.com\/wp-content\/uploads\/2025\/10\/cliniquemode49-300x169.webp 300w, https:\/\/cosmo.itbeit.com\/wp-content\/uploads\/2025\/10\/cliniquemode49-1024x577.webp 1024w, https:\/\/cosmo.itbeit.com\/wp-content\/uploads\/2025\/10\/cliniquemode49-768x433.webp 768w, https:\/\/cosmo.itbeit.com\/wp-content\/uploads\/2025\/10\/cliniquemode49-1536x866.webp 1536w, https:\/\/cosmo.itbeit.com\/wp-content\/uploads\/2025\/10\/cliniquemode49-18x10.webp 18w, https:\/\/cosmo.itbeit.com\/wp-content\/uploads\/2025\/10\/cliniquemode49-600x338.webp 600w\" sizes=\"(max-width: 1632px) 100vw, 1632px\" \/>\t\t\t\t\t\t\t\t\t\t\t\t\t\t\t<\/div>\n\t\t\t\t<div class=\"elementor-element elementor-element-cf492cd e-transform e-transform elementor-widget elementor-widget-image\" data-id=\"cf492cd\" data-element_type=\"widget\" data-settings=\"{&quot;_transform_rotateZ_effect&quot;:{&quot;unit&quot;:&quot;px&quot;,&quot;size&quot;:&quot;8&quot;,&quot;sizes&quot;:[]},&quot;_transform_translateX_effect&quot;:{&quot;unit&quot;:&quot;px&quot;,&quot;size&quot;:&quot;-16&quot;,&quot;sizes&quot;:[]},&quot;_transform_translateX_effect_tablet&quot;:{&quot;unit&quot;:&quot;px&quot;,&quot;size&quot;:&quot;23&quot;,&quot;sizes&quot;:[]},&quot;_transform_translateY_effect&quot;:{&quot;unit&quot;:&quot;px&quot;,&quot;size&quot;:&quot;25&quot;,&quot;sizes&quot;:[]},&quot;_transform_translateY_effect_tablet&quot;:{&quot;unit&quot;:&quot;px&quot;,&quot;size&quot;:&quot;11&quot;,&quot;sizes&quot;:[]},&quot;_transform_rotateZ_effect_laptop&quot;:{&quot;unit&quot;:&quot;deg&quot;,&quot;size&quot;:&quot;&quot;,&quot;sizes&quot;:[]},&quot;_transform_rotateZ_effect_tablet&quot;:{&quot;unit&quot;:&quot;deg&quot;,&quot;size&quot;:&quot;&quot;,&quot;sizes&quot;:[]},&quot;_transform_rotateZ_effect_mobile&quot;:{&quot;unit&quot;:&quot;deg&quot;,&quot;size&quot;:&quot;&quot;,&quot;sizes&quot;:[]},&quot;_transform_translateX_effect_laptop&quot;:{&quot;unit&quot;:&quot;px&quot;,&quot;size&quot;:&quot;&quot;,&quot;sizes&quot;:[]},&quot;_transform_translateX_effect_mobile&quot;:{&quot;unit&quot;:&quot;px&quot;,&quot;size&quot;:&quot;&quot;,&quot;sizes&quot;:[]},&quot;_transform_translateY_effect_laptop&quot;:{&quot;unit&quot;:&quot;px&quot;,&quot;size&quot;:&quot;&quot;,&quot;sizes&quot;:[]},&quot;_transform_translateY_effect_mobile&quot;:{&quot;unit&quot;:&quot;px&quot;,&quot;size&quot;:&quot;&quot;,&quot;sizes&quot;:[]}}\" data-widget_type=\"image.default\">\n\t\t\t\t\t\t\t\t\t\t\t\t\t\t\t<img loading=\"lazy\" decoding=\"async\" width=\"1504\" height=\"1000\" src=\"https:\/\/cosmo.itbeit.com\/wp-content\/uploads\/2025\/10\/cliniquemode77.webp\" class=\"attachment-full size-full wp-image-1200\" alt=\"\" srcset=\"https:\/\/cosmo.itbeit.com\/wp-content\/uploads\/2025\/10\/cliniquemode77.webp 1504w, https:\/\/cosmo.itbeit.com\/wp-content\/uploads\/2025\/10\/cliniquemode77-300x199.webp 300w, https:\/\/cosmo.itbeit.com\/wp-content\/uploads\/2025\/10\/cliniquemode77-1024x681.webp 1024w, https:\/\/cosmo.itbeit.com\/wp-content\/uploads\/2025\/10\/cliniquemode77-768x511.webp 768w, https:\/\/cosmo.itbeit.com\/wp-content\/uploads\/2025\/10\/cliniquemode77-18x12.webp 18w, https:\/\/cosmo.itbeit.com\/wp-content\/uploads\/2025\/10\/cliniquemode77-600x399.webp 600w\" sizes=\"(max-width: 1504px) 100vw, 1504px\" \/>\t\t\t\t\t\t\t\t\t\t\t\t\t\t\t<\/div>\n\t\t\t\t<\/div>\n\t\t\t\t\t<\/div>\n\t\t\t\t<\/div>\n\t\t\t\t\t<\/div>\n\t\t\t\t<\/div>\n\t\t\t\t<\/div>","protected":false},"excerpt":{"rendered":"<p>Check Suitability With Confidence try now Discover Your Skin\u2019s Perfect Match Get Started My account The Check Suitability tool helps you discover whether a skincare product is right for you. By analyzing your skin type, age, lifestyle, and specific concerns, Cliniquemode identifies how well a product matches your individual needs. This way, you can avoid [&hellip;]<\/p>","protected":false},"author":1,"featured_media":0,"parent":0,"menu_order":0,"comment_status":"closed","ping_status":"closed","template":"","meta":{"footnotes":""},"class_list":["post-367","page","type-page","status-publish","hentry"],"_links":{"self":[{"href":"https:\/\/cosmo.itbeit.com\/fr\/wp-json\/wp\/v2\/pages\/367","targetHints":{"allow":["GET"]}}],"collection":[{"href":"https:\/\/cosmo.itbeit.com\/fr\/wp-json\/wp\/v2\/pages"}],"about":[{"href":"https:\/\/cosmo.itbeit.com\/fr\/wp-json\/wp\/v2\/types\/page"}],"author":[{"embeddable":true,"href":"https:\/\/cosmo.itbeit.com\/fr\/wp-json\/wp\/v2\/users\/1"}],"replies":[{"embeddable":true,"href":"https:\/\/cosmo.itbeit.com\/fr\/wp-json\/wp\/v2\/comments?post=367"}],"version-history":[{"count":55,"href":"https:\/\/cosmo.itbeit.com\/fr\/wp-json\/wp\/v2\/pages\/367\/revisions"}],"predecessor-version":[{"id":1446,"href":"https:\/\/cosmo.itbeit.com\/fr\/wp-json\/wp\/v2\/pages\/367\/revisions\/1446"}],"wp:attachment":[{"href":"https:\/\/cosmo.itbeit.com\/fr\/wp-json\/wp\/v2\/media?parent=367"}],"curies":[{"name":"wp","href":"https:\/\/api.w.org\/{rel}","templated":true}]}}