{"id":609,"date":"2025-09-18T08:43:51","date_gmt":"2025-09-18T08:43:51","guid":{"rendered":"https:\/\/cosmo.itbeit.com\/?page_id=609"},"modified":"2025-10-10T10:43:36","modified_gmt":"2025-10-10T10:43:36","slug":"create-a-care-plan","status":"publish","type":"page","link":"https:\/\/cosmo.itbeit.com\/fr\/create-a-care-plan\/","title":{"rendered":"Cr\u00e9er un plan de soins"},"content":{"rendered":"<div data-elementor-type=\"wp-page\" data-elementor-id=\"609\" class=\"elementor elementor-609\" data-elementor-post-type=\"page\">\n\t\t\t\t<div class=\"elementor-element elementor-element-fb8b199 e-flex e-con-boxed e-con e-parent\" data-id=\"fb8b199\" data-element_type=\"container\" data-settings=\"{&quot;background_background&quot;:&quot;classic&quot;}\">\n\t\t\t\t\t<div class=\"e-con-inner\">\n\t\t<div class=\"elementor-element elementor-element-96d43b0 e-con-full e-flex e-con e-child\" data-id=\"96d43b0\" data-element_type=\"container\" data-settings=\"{&quot;background_background&quot;:&quot;classic&quot;}\">\n\t\t<div class=\"elementor-element elementor-element-669b3a1 e-con-full e-flex e-con e-child\" data-id=\"669b3a1\" data-element_type=\"container\">\n\t\t\t\t<div class=\"elementor-element elementor-element-6f45353 elementor-widget elementor-widget-heading\" data-id=\"6f45353\" data-element_type=\"widget\" data-widget_type=\"heading.default\">\n\t\t\t\t\t<h2 class=\"elementor-heading-title elementor-size-default\">Cr\u00e9er un plan de soins<\/h2>\t\t\t\t<\/div>\n\t\t\t\t<div class=\"elementor-element elementor-element-10ef783 elementor-widget elementor-widget-heading\" data-id=\"10ef783\" data-element_type=\"widget\" data-widget_type=\"heading.default\">\n\t\t\t\t\t<h2 class=\"elementor-heading-title elementor-size-default\">Avec confiance<\/h2>\t\t\t\t<\/div>\n\t\t\t\t<\/div>\n\t\t\t\t<\/div>\n\t\t\t\t\t<\/div>\n\t\t\t\t<\/div>\n\t\t<div class=\"elementor-element elementor-element-f2a45de e-flex e-con-boxed e-con e-parent\" data-id=\"f2a45de\" data-element_type=\"container\">\n\t\t\t\t\t<div class=\"e-con-inner\">\n\t\t<div class=\"elementor-element elementor-element-855ad43 e-con-full e-flex e-con e-child\" data-id=\"855ad43\" data-element_type=\"container\">\n\t\t<div class=\"elementor-element elementor-element-dcbd3f5 e-con-full e-flex elementor-invisible e-con e-child\" data-id=\"dcbd3f5\" data-element_type=\"container\" data-settings=\"{&quot;animation&quot;:&quot;fadeInLeft&quot;}\">\n\t\t\t\t<div class=\"elementor-element elementor-element-b007646 h-fix elementor-widget elementor-widget-heading\" data-id=\"b007646\" data-element_type=\"widget\" data-widget_type=\"heading.default\">\n\t\t\t\t\t<h2 class=\"elementor-heading-title elementor-size-default\">Votre s\u00e9curit\u00e9, <span>Notre priorit\u00e9<\/span> \n<\/h2>\t\t\t\t<\/div>\n\t\t<div class=\"elementor-element elementor-element-db664cc e-con-full e-flex e-con e-child\" data-id=\"db664cc\" data-element_type=\"container\">\n\t\t\t\t<div class=\"elementor-element elementor-element-7eb8678 elementor-align-left elementor-mobile-align-center elementor-widget__width-initial xoo-el-reg-tgr elementor-widget elementor-widget-button\" data-id=\"7eb8678\" data-element_type=\"widget\" data-widget_type=\"button.default\">\n\t\t\t\t\t\t\t\t\t\t<a class=\"elementor-button elementor-button-link elementor-size-sm\" href=\"https:\/\/cosmo.itbeit.com\/fr\/my-account\/\">\n\t\t\t\t\t\t<span class=\"elementor-button-content-wrapper\">\n\t\t\t\t\t\t\t\t\t<span class=\"elementor-button-text\">Get Started<\/span>\n\t\t\t\t\t<\/span>\n\t\t\t\t\t<\/a>\n\t\t\t\t\t\t\t\t<\/div>\n\t\t\t\t<\/div>\n\t\t\t\t<\/div>\n\t\t<div class=\"elementor-element elementor-element-c2e494e e-con-full e-flex elementor-invisible e-con e-child\" data-id=\"c2e494e\" data-element_type=\"container\" data-settings=\"{&quot;animation&quot;:&quot;fadeInRight&quot;}\">\n\t\t\t\t<div class=\"elementor-element elementor-element-9e56f5a elementor-widget elementor-widget-text-editor\" data-id=\"9e56f5a\" data-element_type=\"widget\" data-widget_type=\"text-editor.default\">\n\t\t\t\t\t\t\t\t\t<p><strong>Cr\u00e9er un plan de soins<\/strong> l'outil cr\u00e9e un programme de soins personnalis\u00e9, adapt\u00e9 \u00e0 vos besoins. En analysant votre profil, vos objectifs et vos produits existants, Cliniquemode cr\u00e9e une routine claire pour les soins du matin, du soir et hebdomadaires. Ce service vous aide \u00e0 structurer vos soins, \u00e0 \u00e9viter toute confusion et \u00e0 obtenir des r\u00e9sultats durables et constants.<\/p>\t\t\t\t\t\t\t\t<\/div>\n\t\t\t\t<\/div>\n\t\t\t\t<\/div>\n\t\t\t\t\t<\/div>\n\t\t\t\t<\/div>\n\t\t<div class=\"elementor-element elementor-element-a614327 e-flex e-con-boxed e-con e-parent\" data-id=\"a614327\" data-element_type=\"container\" data-settings=\"{&quot;background_background&quot;:&quot;classic&quot;}\">\n\t\t\t\t\t<div class=\"e-con-inner\">\n\t\t<div class=\"elementor-element elementor-element-a5659e5 e-con-full animated-fast e-flex elementor-invisible e-con e-child\" data-id=\"a5659e5\" data-element_type=\"container\" data-settings=\"{&quot;animation&quot;:&quot;fadeInUp&quot;,&quot;animation_delay&quot;:&quot;200&quot;,&quot;background_background&quot;:&quot;classic&quot;}\">\n\t\t\t\t<\/div>\n\t\t<div class=\"elementor-element elementor-element-6120dfc e-con-full animated-fast e-flex elementor-invisible e-con e-child\" data-id=\"6120dfc\" data-element_type=\"container\" data-settings=\"{&quot;animation&quot;:&quot;fadeInUp&quot;,&quot;animation_delay&quot;:&quot;400&quot;}\">\n\t\t\t\t<div class=\"elementor-element elementor-element-242fc0c h-fix elementor-widget elementor-widget-heading\" data-id=\"242fc0c\" data-element_type=\"widget\" data-widget_type=\"heading.default\">\n\t\t\t\t\t<h2 class=\"elementor-heading-title elementor-size-default\">Avantages de <span>\u00c9valuer la s\u00e9curit\u00e9<\/span> <\/h2>\t\t\t\t<\/div>\n\t\t\t\t<div class=\"elementor-element elementor-element-5e63da3 elementor-widget__width-initial elementor-widget elementor-widget-text-editor\" data-id=\"5e63da3\" data-element_type=\"widget\" data-widget_type=\"text-editor.default\">\n\t\t\t\t\t\t\t\t\t<ul><li data-start=\"583\" data-end=\"684\"><p data-start=\"586\" data-end=\"684\"><strong>Routine personnalis\u00e9e<\/strong> \u2013 Des plans matin, soir et hebdomadaires con\u00e7us sp\u00e9cialement pour votre type de peau et vos objectifs.<\/p><\/li><li data-start=\"685\" data-end=\"791\"><p data-start=\"688\" data-end=\"791\"><strong>Clear Structure<\/strong> \u2013 Plus de devinettes \u2013 sachez exactement quoi utiliser et quand.<\/p><\/li><li data-start=\"792\" data-end=\"890\"><p data-start=\"795\" data-end=\"890\"><strong>Coh\u00e9rence simplifi\u00e9e<\/strong> \u2013 Suivez un programme qui transforme les soins de la peau en une habitude quotidienne facile.<\/p><\/li><li data-start=\"891\" data-end=\"997\"><p data-start=\"894\" data-end=\"997\"><strong>R\u00e9sultats maximis\u00e9s<\/strong> \u2013 Assurez-vous que vos produits agissent ensemble pour une am\u00e9lioration \u00e0 long terme.<\/p><\/li><li data-start=\"998\" data-end=\"1156\"><p data-start=\"1001\" data-end=\"1156\"><strong>Flexible et adaptable<\/strong> \u2013 Les plans \u00e9voluent avec votre peau, votre style de vie et les changements saisonniers.<\/p><\/li><li data-start=\"1157\" data-end=\"1267\"><p data-start=\"1160\" data-end=\"1267\"><strong>Favorise des habitudes saines<\/strong> \u2013 Encourage l\u2019\u00e9quilibre, la discipline et le soin de votre peau au fil du temps.<\/p><\/li><\/ul>\t\t\t\t\t\t\t\t<\/div>\n\t\t\t\t<div class=\"elementor-element elementor-element-ad5f45a elementor-mobile-align-center elementor-align-left elementor-widget elementor-widget-button\" data-id=\"ad5f45a\" data-element_type=\"widget\" data-widget_type=\"button.default\">\n\t\t\t\t\t\t\t\t\t\t<a class=\"elementor-button elementor-button-link elementor-size-sm\" href=\"#\">\n\t\t\t\t\t\t<span class=\"elementor-button-content-wrapper\">\n\t\t\t\t\t\t\t\t\t<span class=\"elementor-button-text\">Commencer<\/span>\n\t\t\t\t\t<\/span>\n\t\t\t\t\t<\/a>\n\t\t\t\t\t\t\t\t<\/div>\n\t\t\t\t<\/div>\n\t\t\t\t\t<\/div>\n\t\t\t\t<\/div>\n\t\t<div class=\"elementor-element elementor-element-6e21656 e-flex e-con-boxed e-con e-parent\" data-id=\"6e21656\" data-element_type=\"container\" data-settings=\"{&quot;background_background&quot;:&quot;classic&quot;}\">\n\t\t\t\t\t<div class=\"e-con-inner\">\n\t\t<div class=\"elementor-element elementor-element-c9813f3 e-con-full animated-fast e-flex elementor-invisible e-con e-child\" data-id=\"c9813f3\" data-element_type=\"container\" data-settings=\"{&quot;background_background&quot;:&quot;classic&quot;,&quot;animation&quot;:&quot;fadeInUp&quot;,&quot;animation_delay&quot;:&quot;200&quot;}\">\n\t\t<div class=\"elementor-element elementor-element-3964493 e-con-full e-flex e-con e-child\" data-id=\"3964493\" data-element_type=\"container\" data-settings=\"{&quot;background_background&quot;:&quot;classic&quot;}\">\n\t\t\t\t<div class=\"elementor-element elementor-element-960b48c elementor-widget elementor-widget-spacer\" data-id=\"960b48c\" data-element_type=\"widget\" data-widget_type=\"spacer.default\">\n\t\t\t\t\t\t\t<div class=\"elementor-spacer\">\n\t\t\t<div class=\"elementor-spacer-inner\"><\/div>\n\t\t<\/div>\n\t\t\t\t\t\t<\/div>\n\t\t\t\t<\/div>\n\t\t<div class=\"elementor-element elementor-element-41ae21d e-con-full e-flex e-con e-child\" data-id=\"41ae21d\" data-element_type=\"container\" data-settings=\"{&quot;background_background&quot;:&quot;classic&quot;}\">\n\t\t\t\t<div class=\"elementor-element elementor-element-7189c34 h-fix elementor-widget elementor-widget-heading\" data-id=\"7189c34\" data-element_type=\"widget\" data-widget_type=\"heading.default\">\n\t\t\t\t\t<h2 class=\"elementor-heading-title elementor-size-default translation-block\">Comment \u00e7a marche<\/h2>\t\t\t\t<\/div>\n\t\t<div class=\"elementor-element elementor-element-93c3134 e-con-full e-flex e-con e-child\" data-id=\"93c3134\" data-element_type=\"container\">\n\t\t\t\t<div class=\"elementor-element elementor-element-369c69a elementor-widget__width-initial animated-fast elementor-position-top elementor-invisible elementor-widget elementor-widget-image-box\" data-id=\"369c69a\" data-element_type=\"widget\" data-settings=\"{&quot;_animation&quot;:&quot;fadeInUp&quot;,&quot;_animation_delay&quot;:&quot;100&quot;}\" data-widget_type=\"image-box.default\">\n\t\t\t\t\t<div class=\"elementor-image-box-wrapper\"><figure class=\"elementor-image-box-img\"><img fetchpriority=\"high\" decoding=\"async\" width=\"1080\" height=\"1080\" src=\"https:\/\/cosmo.itbeit.com\/wp-content\/uploads\/2025\/09\/17.png\" class=\"attachment-full size-full wp-image-243\" alt=\"\" srcset=\"https:\/\/cosmo.itbeit.com\/wp-content\/uploads\/2025\/09\/17.png 1080w, https:\/\/cosmo.itbeit.com\/wp-content\/uploads\/2025\/09\/17-300x300.png 300w, https:\/\/cosmo.itbeit.com\/wp-content\/uploads\/2025\/09\/17-1024x1024.png 1024w, https:\/\/cosmo.itbeit.com\/wp-content\/uploads\/2025\/09\/17-150x150.png 150w, https:\/\/cosmo.itbeit.com\/wp-content\/uploads\/2025\/09\/17-768x768.png 768w, https:\/\/cosmo.itbeit.com\/wp-content\/uploads\/2025\/09\/17-600x600.png 600w, https:\/\/cosmo.itbeit.com\/wp-content\/uploads\/2025\/09\/17-100x100.png 100w\" sizes=\"(max-width: 1080px) 100vw, 1080px\" \/><\/figure><div class=\"elementor-image-box-content\"><h3 class=\"elementor-image-box-title\">Cr\u00e9er votre profil<\/h3><p class=\"elementor-image-box-description\">Ajoutez votre \u00e2ge, type de peau, climat, pr\u00e9occupations et pr\u00e9f\u00e9rences produits.<\/p><\/div><\/div>\t\t\t\t<\/div>\n\t\t\t\t<div class=\"elementor-element elementor-element-2e09971 elementor-widget__width-initial animated-fast elementor-position-top elementor-invisible elementor-widget elementor-widget-image-box\" data-id=\"2e09971\" data-element_type=\"widget\" data-settings=\"{&quot;_animation&quot;:&quot;fadeInUp&quot;,&quot;_animation_delay&quot;:&quot;100&quot;}\" data-widget_type=\"image-box.default\">\n\t\t\t\t\t<div class=\"elementor-image-box-wrapper\"><figure class=\"elementor-image-box-img\"><img decoding=\"async\" width=\"1080\" height=\"1080\" src=\"https:\/\/cosmo.itbeit.com\/wp-content\/uploads\/2025\/09\/18.png\" class=\"attachment-full size-full wp-image-244\" alt=\"\" srcset=\"https:\/\/cosmo.itbeit.com\/wp-content\/uploads\/2025\/09\/18.png 1080w, https:\/\/cosmo.itbeit.com\/wp-content\/uploads\/2025\/09\/18-300x300.png 300w, https:\/\/cosmo.itbeit.com\/wp-content\/uploads\/2025\/09\/18-1024x1024.png 1024w, https:\/\/cosmo.itbeit.com\/wp-content\/uploads\/2025\/09\/18-150x150.png 150w, https:\/\/cosmo.itbeit.com\/wp-content\/uploads\/2025\/09\/18-768x768.png 768w, https:\/\/cosmo.itbeit.com\/wp-content\/uploads\/2025\/09\/18-600x600.png 600w, https:\/\/cosmo.itbeit.com\/wp-content\/uploads\/2025\/09\/18-100x100.png 100w\" sizes=\"(max-width: 1080px) 100vw, 1080px\" \/><\/figure><div class=\"elementor-image-box-content\"><h3 class=\"elementor-image-box-title\">Analyser &amp; explorer<\/h3><p class=\"elementor-image-box-description\">Obtenez imm\u00e9diatement des analyses des ingr\u00e9dients, de la compatibilit\u00e9 et de l\u2019efficacit\u00e9.<\/p><\/div><\/div>\t\t\t\t<\/div>\n\t\t\t\t<div class=\"elementor-element elementor-element-250f887 elementor-widget__width-initial animated-fast elementor-position-top elementor-invisible elementor-widget elementor-widget-image-box\" data-id=\"250f887\" data-element_type=\"widget\" data-settings=\"{&quot;_animation&quot;:&quot;fadeInUp&quot;,&quot;_animation_delay&quot;:&quot;100&quot;}\" data-widget_type=\"image-box.default\">\n\t\t\t\t\t<div class=\"elementor-image-box-wrapper\"><figure class=\"elementor-image-box-img\"><img decoding=\"async\" width=\"1080\" height=\"1080\" src=\"https:\/\/cosmo.itbeit.com\/wp-content\/uploads\/2025\/09\/19.png\" class=\"attachment-full size-full wp-image-245\" alt=\"\" srcset=\"https:\/\/cosmo.itbeit.com\/wp-content\/uploads\/2025\/09\/19.png 1080w, https:\/\/cosmo.itbeit.com\/wp-content\/uploads\/2025\/09\/19-300x300.png 300w, https:\/\/cosmo.itbeit.com\/wp-content\/uploads\/2025\/09\/19-1024x1024.png 1024w, https:\/\/cosmo.itbeit.com\/wp-content\/uploads\/2025\/09\/19-150x150.png 150w, https:\/\/cosmo.itbeit.com\/wp-content\/uploads\/2025\/09\/19-768x768.png 768w, https:\/\/cosmo.itbeit.com\/wp-content\/uploads\/2025\/09\/19-600x600.png 600w, https:\/\/cosmo.itbeit.com\/wp-content\/uploads\/2025\/09\/19-100x100.png 100w\" sizes=\"(max-width: 1080px) 100vw, 1080px\" \/><\/figure><div class=\"elementor-image-box-content\"><h3 class=\"elementor-image-box-title translation-block\">Suivre votre plan<\/h3><p class=\"elementor-image-box-description\">Recevez des routines de soins personnalis\u00e9es, des alternatives et des conseils pour optimiser vos r\u00e9sultats.<\/p><\/div><\/div>\t\t\t\t<\/div>\n\t\t\t\t<\/div>\n\t\t\t\t<\/div>\n\t\t\t\t<\/div>\n\t\t\t\t\t<\/div>\n\t\t\t\t<\/div>\n\t\t<div class=\"elementor-element elementor-element-9a8660a e-flex e-con-boxed e-con e-parent\" data-id=\"9a8660a\" data-element_type=\"container\" data-settings=\"{&quot;background_background&quot;:&quot;classic&quot;}\">\n\t\t\t\t\t<div class=\"e-con-inner\">\n\t\t<div class=\"elementor-element elementor-element-da18195 animated-fast e-flex e-con-boxed elementor-invisible e-con e-child\" data-id=\"da18195\" data-element_type=\"container\" data-settings=\"{&quot;background_background&quot;:&quot;classic&quot;,&quot;animation&quot;:&quot;fadeInUp&quot;,&quot;animation_delay&quot;:&quot;200&quot;}\">\n\t\t\t\t\t<div class=\"e-con-inner\">\n\t\t<div class=\"elementor-element elementor-element-9dba35b e-con-full e-flex e-con e-child\" data-id=\"9dba35b\" data-element_type=\"container\">\n\t\t\t\t<div class=\"elementor-element elementor-element-8112b58 h-fix elementor-widget elementor-widget-heading\" data-id=\"8112b58\" data-element_type=\"widget\" data-widget_type=\"heading.default\">\n\t\t\t\t\t<h2 class=\"elementor-heading-title elementor-size-default translation-block\">Important \u00e0 savoir<\/h2>\t\t\t\t<\/div>\n\t\t\t\t<div class=\"elementor-element elementor-element-54105e9 elementor-widget__width-initial elementor-widget elementor-widget-text-editor\" data-id=\"54105e9\" data-element_type=\"widget\" data-widget_type=\"text-editor.default\">\n\t\t\t\t\t\t\t\t\t<p class=\"translation-block\">Cliniquemode n\u2019est pas un service m\u00e9dical. Nous ne sommes pas m\u00e9decins, dermatologues ou cosm\u00e9tologues.\nToutes les informations sont recommandationnelles et \u00e9ducatives. Pour tout conseil m\u00e9dical, consultez toujours un sp\u00e9cialiste qualifi\u00e9.<\/p>\t\t\t\t\t\t\t\t<\/div>\n\t\t\t\t<\/div>\n\t\t<div class=\"elementor-element elementor-element-d1cb820 e-con-full e-flex e-con e-child\" data-id=\"d1cb820\" data-element_type=\"container\">\n\t\t\t\t<div class=\"elementor-element elementor-element-07efad0 e-transform e-transform elementor-widget elementor-widget-image\" data-id=\"07efad0\" data-element_type=\"widget\" data-settings=\"{&quot;_transform_rotateZ_effect&quot;:{&quot;unit&quot;:&quot;px&quot;,&quot;size&quot;:&quot;-7&quot;,&quot;sizes&quot;:[]},&quot;_transform_translateX_effect&quot;:{&quot;unit&quot;:&quot;px&quot;,&quot;size&quot;:&quot;-11&quot;,&quot;sizes&quot;:[]},&quot;_transform_translateY_effect&quot;:{&quot;unit&quot;:&quot;px&quot;,&quot;size&quot;:&quot;-14&quot;,&quot;sizes&quot;:[]},&quot;_transform_rotateZ_effect_laptop&quot;:{&quot;unit&quot;:&quot;deg&quot;,&quot;size&quot;:&quot;&quot;,&quot;sizes&quot;:[]},&quot;_transform_rotateZ_effect_tablet&quot;:{&quot;unit&quot;:&quot;deg&quot;,&quot;size&quot;:&quot;&quot;,&quot;sizes&quot;:[]},&quot;_transform_rotateZ_effect_mobile&quot;:{&quot;unit&quot;:&quot;deg&quot;,&quot;size&quot;:&quot;&quot;,&quot;sizes&quot;:[]},&quot;_transform_translateX_effect_laptop&quot;:{&quot;unit&quot;:&quot;px&quot;,&quot;size&quot;:&quot;&quot;,&quot;sizes&quot;:[]},&quot;_transform_translateX_effect_tablet&quot;:{&quot;unit&quot;:&quot;px&quot;,&quot;size&quot;:&quot;&quot;,&quot;sizes&quot;:[]},&quot;_transform_translateX_effect_mobile&quot;:{&quot;unit&quot;:&quot;px&quot;,&quot;size&quot;:&quot;&quot;,&quot;sizes&quot;:[]},&quot;_transform_translateY_effect_laptop&quot;:{&quot;unit&quot;:&quot;px&quot;,&quot;size&quot;:&quot;&quot;,&quot;sizes&quot;:[]},&quot;_transform_translateY_effect_tablet&quot;:{&quot;unit&quot;:&quot;px&quot;,&quot;size&quot;:&quot;&quot;,&quot;sizes&quot;:[]},&quot;_transform_translateY_effect_mobile&quot;:{&quot;unit&quot;:&quot;px&quot;,&quot;size&quot;:&quot;&quot;,&quot;sizes&quot;:[]}}\" data-widget_type=\"image.default\">\n\t\t\t\t\t\t\t\t\t\t\t\t\t\t\t<img loading=\"lazy\" decoding=\"async\" width=\"1632\" height=\"920\" src=\"https:\/\/cosmo.itbeit.com\/wp-content\/uploads\/2025\/10\/cliniquemode49.webp\" class=\"attachment-full size-full wp-image-1172\" alt=\"\" srcset=\"https:\/\/cosmo.itbeit.com\/wp-content\/uploads\/2025\/10\/cliniquemode49.webp 1632w, https:\/\/cosmo.itbeit.com\/wp-content\/uploads\/2025\/10\/cliniquemode49-300x169.webp 300w, https:\/\/cosmo.itbeit.com\/wp-content\/uploads\/2025\/10\/cliniquemode49-1024x577.webp 1024w, https:\/\/cosmo.itbeit.com\/wp-content\/uploads\/2025\/10\/cliniquemode49-768x433.webp 768w, https:\/\/cosmo.itbeit.com\/wp-content\/uploads\/2025\/10\/cliniquemode49-1536x866.webp 1536w, https:\/\/cosmo.itbeit.com\/wp-content\/uploads\/2025\/10\/cliniquemode49-18x10.webp 18w, https:\/\/cosmo.itbeit.com\/wp-content\/uploads\/2025\/10\/cliniquemode49-600x338.webp 600w\" sizes=\"(max-width: 1632px) 100vw, 1632px\" \/>\t\t\t\t\t\t\t\t\t\t\t\t\t\t\t<\/div>\n\t\t\t\t<div class=\"elementor-element elementor-element-af7b86f e-transform e-transform elementor-widget elementor-widget-image\" data-id=\"af7b86f\" data-element_type=\"widget\" data-settings=\"{&quot;_transform_rotateZ_effect&quot;:{&quot;unit&quot;:&quot;px&quot;,&quot;size&quot;:&quot;8&quot;,&quot;sizes&quot;:[]},&quot;_transform_translateX_effect&quot;:{&quot;unit&quot;:&quot;px&quot;,&quot;size&quot;:&quot;-16&quot;,&quot;sizes&quot;:[]},&quot;_transform_translateX_effect_tablet&quot;:{&quot;unit&quot;:&quot;px&quot;,&quot;size&quot;:&quot;23&quot;,&quot;sizes&quot;:[]},&quot;_transform_translateY_effect&quot;:{&quot;unit&quot;:&quot;px&quot;,&quot;size&quot;:&quot;25&quot;,&quot;sizes&quot;:[]},&quot;_transform_translateY_effect_tablet&quot;:{&quot;unit&quot;:&quot;px&quot;,&quot;size&quot;:&quot;11&quot;,&quot;sizes&quot;:[]},&quot;_transform_rotateZ_effect_laptop&quot;:{&quot;unit&quot;:&quot;deg&quot;,&quot;size&quot;:&quot;&quot;,&quot;sizes&quot;:[]},&quot;_transform_rotateZ_effect_tablet&quot;:{&quot;unit&quot;:&quot;deg&quot;,&quot;size&quot;:&quot;&quot;,&quot;sizes&quot;:[]},&quot;_transform_rotateZ_effect_mobile&quot;:{&quot;unit&quot;:&quot;deg&quot;,&quot;size&quot;:&quot;&quot;,&quot;sizes&quot;:[]},&quot;_transform_translateX_effect_laptop&quot;:{&quot;unit&quot;:&quot;px&quot;,&quot;size&quot;:&quot;&quot;,&quot;sizes&quot;:[]},&quot;_transform_translateX_effect_mobile&quot;:{&quot;unit&quot;:&quot;px&quot;,&quot;size&quot;:&quot;&quot;,&quot;sizes&quot;:[]},&quot;_transform_translateY_effect_laptop&quot;:{&quot;unit&quot;:&quot;px&quot;,&quot;size&quot;:&quot;&quot;,&quot;sizes&quot;:[]},&quot;_transform_translateY_effect_mobile&quot;:{&quot;unit&quot;:&quot;px&quot;,&quot;size&quot;:&quot;&quot;,&quot;sizes&quot;:[]}}\" data-widget_type=\"image.default\">\n\t\t\t\t\t\t\t\t\t\t\t\t\t\t\t<img loading=\"lazy\" decoding=\"async\" width=\"1504\" height=\"1000\" src=\"https:\/\/cosmo.itbeit.com\/wp-content\/uploads\/2025\/10\/cliniquemode77.webp\" class=\"attachment-full size-full wp-image-1200\" alt=\"\" srcset=\"https:\/\/cosmo.itbeit.com\/wp-content\/uploads\/2025\/10\/cliniquemode77.webp 1504w, https:\/\/cosmo.itbeit.com\/wp-content\/uploads\/2025\/10\/cliniquemode77-300x199.webp 300w, https:\/\/cosmo.itbeit.com\/wp-content\/uploads\/2025\/10\/cliniquemode77-1024x681.webp 1024w, https:\/\/cosmo.itbeit.com\/wp-content\/uploads\/2025\/10\/cliniquemode77-768x511.webp 768w, https:\/\/cosmo.itbeit.com\/wp-content\/uploads\/2025\/10\/cliniquemode77-18x12.webp 18w, https:\/\/cosmo.itbeit.com\/wp-content\/uploads\/2025\/10\/cliniquemode77-600x399.webp 600w\" sizes=\"(max-width: 1504px) 100vw, 1504px\" \/>\t\t\t\t\t\t\t\t\t\t\t\t\t\t\t<\/div>\n\t\t\t\t<\/div>\n\t\t\t\t\t<\/div>\n\t\t\t\t<\/div>\n\t\t\t\t\t<\/div>\n\t\t\t\t<\/div>\n\t\t\t\t<\/div>","protected":false},"excerpt":{"rendered":"<p>Create a Care Plan With Confidence try now Your Safety, Our Priority My account Get Started The Create a Care Plan tool builds a personalized skincare schedule tailored to your needs. By analyzing your profile, goals, and existing products, Cliniquemode creates a clear routine for morning, evening, and weekly care. This service helps you structure [&hellip;]<\/p>","protected":false},"author":2,"featured_media":0,"parent":0,"menu_order":0,"comment_status":"closed","ping_status":"closed","template":"","meta":{"footnotes":""},"class_list":["post-609","page","type-page","status-publish","hentry"],"_links":{"self":[{"href":"https:\/\/cosmo.itbeit.com\/fr\/wp-json\/wp\/v2\/pages\/609","targetHints":{"allow":["GET"]}}],"collection":[{"href":"https:\/\/cosmo.itbeit.com\/fr\/wp-json\/wp\/v2\/pages"}],"about":[{"href":"https:\/\/cosmo.itbeit.com\/fr\/wp-json\/wp\/v2\/types\/page"}],"author":[{"embeddable":true,"href":"https:\/\/cosmo.itbeit.com\/fr\/wp-json\/wp\/v2\/users\/2"}],"replies":[{"embeddable":true,"href":"https:\/\/cosmo.itbeit.com\/fr\/wp-json\/wp\/v2\/comments?post=609"}],"version-history":[{"count":22,"href":"https:\/\/cosmo.itbeit.com\/fr\/wp-json\/wp\/v2\/pages\/609\/revisions"}],"predecessor-version":[{"id":1462,"href":"https:\/\/cosmo.itbeit.com\/fr\/wp-json\/wp\/v2\/pages\/609\/revisions\/1462"}],"wp:attachment":[{"href":"https:\/\/cosmo.itbeit.com\/fr\/wp-json\/wp\/v2\/media?parent=609"}],"curies":[{"name":"wp","href":"https:\/\/api.w.org\/{rel}","templated":true}]}}