{"id":638,"date":"2025-09-18T10:11:44","date_gmt":"2025-09-18T10:11:44","guid":{"rendered":"https:\/\/cosmo.itbeit.com\/?page_id=638"},"modified":"2025-10-10T10:47:18","modified_gmt":"2025-10-10T10:47:18","slug":"measure-effectiveness","status":"publish","type":"page","link":"https:\/\/cosmo.itbeit.com\/fr\/measure-effectiveness\/","title":{"rendered":"Mesurer l\u2019efficacit\u00e9"},"content":{"rendered":"<div data-elementor-type=\"wp-page\" data-elementor-id=\"638\" class=\"elementor elementor-638\" data-elementor-post-type=\"page\">\n\t\t\t\t<div class=\"elementor-element elementor-element-d98edc7 e-flex e-con-boxed e-con e-parent\" data-id=\"d98edc7\" data-element_type=\"container\" data-settings=\"{&quot;background_background&quot;:&quot;classic&quot;}\">\n\t\t\t\t\t<div class=\"e-con-inner\">\n\t\t<div class=\"elementor-element elementor-element-061291d e-con-full e-flex e-con e-child\" data-id=\"061291d\" data-element_type=\"container\" data-settings=\"{&quot;background_background&quot;:&quot;classic&quot;}\">\n\t\t<div class=\"elementor-element elementor-element-e517ce7 e-con-full e-flex e-con e-child\" data-id=\"e517ce7\" data-element_type=\"container\">\n\t\t\t\t<div class=\"elementor-element elementor-element-294fbb9 elementor-widget elementor-widget-heading\" data-id=\"294fbb9\" data-element_type=\"widget\" data-widget_type=\"heading.default\">\n\t\t\t\t\t<h2 class=\"elementor-heading-title elementor-size-default\">Mesurer l\u2019efficacit\u00e9<\/h2>\t\t\t\t<\/div>\n\t\t\t\t<div class=\"elementor-element elementor-element-a49f2cd elementor-widget elementor-widget-heading\" data-id=\"a49f2cd\" data-element_type=\"widget\" data-widget_type=\"heading.default\">\n\t\t\t\t\t<h2 class=\"elementor-heading-title elementor-size-default\">Avec confiance<\/h2>\t\t\t\t<\/div>\n\t\t\t\t<\/div>\n\t\t\t\t<\/div>\n\t\t\t\t\t<\/div>\n\t\t\t\t<\/div>\n\t\t<div class=\"elementor-element elementor-element-f2a45de e-flex e-con-boxed e-con e-parent\" data-id=\"f2a45de\" data-element_type=\"container\">\n\t\t\t\t\t<div class=\"e-con-inner\">\n\t\t<div class=\"elementor-element elementor-element-855ad43 e-con-full e-flex e-con e-child\" data-id=\"855ad43\" data-element_type=\"container\">\n\t\t<div class=\"elementor-element elementor-element-dcbd3f5 e-con-full e-flex elementor-invisible e-con e-child\" data-id=\"dcbd3f5\" data-element_type=\"container\" data-settings=\"{&quot;animation&quot;:&quot;fadeInLeft&quot;}\">\n\t\t\t\t<div class=\"elementor-element elementor-element-b007646 h-fix elementor-widget elementor-widget-heading\" data-id=\"b007646\" data-element_type=\"widget\" data-widget_type=\"heading.default\">\n\t\t\t\t\t<h2 class=\"elementor-heading-title elementor-size-default\">Votre s\u00e9curit\u00e9, <span>Notre priorit\u00e9<\/span> \n<\/h2>\t\t\t\t<\/div>\n\t\t<div class=\"elementor-element elementor-element-db664cc e-con-full e-flex e-con e-child\" data-id=\"db664cc\" data-element_type=\"container\">\n\t\t\t\t<div class=\"elementor-element elementor-element-483a27d elementor-align-left elementor-mobile-align-center elementor-widget__width-initial xoo-el-reg-tgr elementor-widget elementor-widget-button\" data-id=\"483a27d\" data-element_type=\"widget\" data-widget_type=\"button.default\">\n\t\t\t\t\t\t\t\t\t\t<a class=\"elementor-button elementor-button-link elementor-size-sm\" href=\"https:\/\/cosmo.itbeit.com\/fr\/my-account\/\">\n\t\t\t\t\t\t<span class=\"elementor-button-content-wrapper\">\n\t\t\t\t\t\t\t\t\t<span class=\"elementor-button-text\">Get Started<\/span>\n\t\t\t\t\t<\/span>\n\t\t\t\t\t<\/a>\n\t\t\t\t\t\t\t\t<\/div>\n\t\t\t\t<\/div>\n\t\t\t\t<\/div>\n\t\t<div class=\"elementor-element elementor-element-c2e494e e-con-full e-flex elementor-invisible e-con e-child\" data-id=\"c2e494e\" data-element_type=\"container\" data-settings=\"{&quot;animation&quot;:&quot;fadeInRight&quot;}\">\n\t\t\t\t<div class=\"elementor-element elementor-element-9e56f5a elementor-widget elementor-widget-text-editor\" data-id=\"9e56f5a\" data-element_type=\"widget\" data-widget_type=\"text-editor.default\">\n\t\t\t\t\t\t\t\t\t<p data-start=\"213\" data-end=\"557\"><strong>L\u2019outil Measure Effectiveness<\/strong> vous aide \u00e0 \u00e9valuer si un produit de soin tient r\u00e9ellement ses promesses. En analysant les concentrations d\u2019ingr\u00e9dients et les preuves scientifiques, Cliniquemode montre si un produit peut atteindre de fa\u00e7on r\u00e9aliste les r\u00e9sultats annonc\u00e9s \u2014 qu\u2019il s\u2019agisse d\u2019hydratation, de traitement de l\u2019acn\u00e9, d\u2019anti-\u00e2ge ou d\u2019\u00e9claircissement. Ce service garantit que votre routine repose sur des produits qui fonctionnent r\u00e9ellement.<\/p>\t\t\t\t\t\t\t\t<\/div>\n\t\t\t\t<\/div>\n\t\t\t\t<\/div>\n\t\t\t\t\t<\/div>\n\t\t\t\t<\/div>\n\t\t<div class=\"elementor-element elementor-element-a614327 e-flex e-con-boxed e-con e-parent\" data-id=\"a614327\" data-element_type=\"container\" data-settings=\"{&quot;background_background&quot;:&quot;classic&quot;}\">\n\t\t\t\t\t<div class=\"e-con-inner\">\n\t\t<div class=\"elementor-element elementor-element-a5659e5 e-con-full animated-fast e-flex elementor-invisible e-con e-child\" data-id=\"a5659e5\" data-element_type=\"container\" data-settings=\"{&quot;animation&quot;:&quot;fadeInUp&quot;,&quot;animation_delay&quot;:&quot;200&quot;,&quot;background_background&quot;:&quot;classic&quot;}\">\n\t\t\t\t<\/div>\n\t\t<div class=\"elementor-element elementor-element-6120dfc e-con-full animated-fast e-flex elementor-invisible e-con e-child\" data-id=\"6120dfc\" data-element_type=\"container\" data-settings=\"{&quot;animation&quot;:&quot;fadeInUp&quot;,&quot;animation_delay&quot;:&quot;400&quot;}\">\n\t\t\t\t<div class=\"elementor-element elementor-element-242fc0c h-fix elementor-widget elementor-widget-heading\" data-id=\"242fc0c\" data-element_type=\"widget\" data-widget_type=\"heading.default\">\n\t\t\t\t\t<h2 class=\"elementor-heading-title elementor-size-default\">Avantages de <span>\u00c9valuer la s\u00e9curit\u00e9<\/span> <\/h2>\t\t\t\t<\/div>\n\t\t\t\t<div class=\"elementor-element elementor-element-5e63da3 elementor-widget__width-initial elementor-widget elementor-widget-text-editor\" data-id=\"5e63da3\" data-element_type=\"widget\" data-widget_type=\"text-editor.default\">\n\t\t\t\t\t\t\t\t\t<ul><li data-start=\"583\" data-end=\"684\"><p data-start=\"586\" data-end=\"684\"><strong>Evidence-Based Insight<\/strong> \u2013 D\u00e9termine si les ingr\u00e9dients d\u2019un produit ont prouv\u00e9 leur efficacit\u00e9.<\/p><\/li><li data-start=\"685\" data-end=\"791\"><p data-start=\"688\" data-end=\"791\"><strong>Attentes r\u00e9alistes<\/strong> \u2013 Vous aide \u00e0 comprendre ce qu\u2019un produit peut (et ne peut pas) accomplir.<\/p><\/li><li data-start=\"792\" data-end=\"890\"><p data-start=\"795\" data-end=\"890\"><strong>D\u00e9penses plus intelligentes<\/strong> \u2013 \u00c9vitez de gaspiller de l\u2019argent pour des produits qui ne font aucune diff\u00e9rence.<\/p><\/li><li data-start=\"891\" data-end=\"997\"><p data-start=\"894\" data-end=\"997\"><strong>Soutient vos objectifs de peau<\/strong> \u2013 Trouvez des produits qui correspondent r\u00e9ellement \u00e0 vos pr\u00e9occupations, comme l\u2019acn\u00e9 ou les rides.<\/p><\/li><li data-start=\"998\" data-end=\"1156\"><p data-start=\"1001\" data-end=\"1156\"><strong>Simplifie les choix<\/strong> \u2013 Voyez rapidement quels produits de votre routine sont efficaces et lesquels ne le sont pas.<\/p><\/li><li data-start=\"1157\" data-end=\"1267\"><p data-start=\"1160\" data-end=\"1267\"><strong>Confiance dans les r\u00e9sultats<\/strong> \u2013 Construisez une routine de soins avec des produits qui am\u00e9liorent v\u00e9ritablement votre peau.<\/p><\/li><\/ul>\t\t\t\t\t\t\t\t<\/div>\n\t\t\t\t<div class=\"elementor-element elementor-element-ad5f45a elementor-mobile-align-center elementor-align-left elementor-widget elementor-widget-button\" data-id=\"ad5f45a\" data-element_type=\"widget\" data-widget_type=\"button.default\">\n\t\t\t\t\t\t\t\t\t\t<a class=\"elementor-button elementor-button-link elementor-size-sm\" href=\"#\">\n\t\t\t\t\t\t<span class=\"elementor-button-content-wrapper\">\n\t\t\t\t\t\t\t\t\t<span class=\"elementor-button-text\">Commencer<\/span>\n\t\t\t\t\t<\/span>\n\t\t\t\t\t<\/a>\n\t\t\t\t\t\t\t\t<\/div>\n\t\t\t\t<\/div>\n\t\t\t\t\t<\/div>\n\t\t\t\t<\/div>\n\t\t<div class=\"elementor-element elementor-element-ac27493 e-flex e-con-boxed e-con e-parent\" data-id=\"ac27493\" data-element_type=\"container\" data-settings=\"{&quot;background_background&quot;:&quot;classic&quot;}\">\n\t\t\t\t\t<div class=\"e-con-inner\">\n\t\t<div class=\"elementor-element elementor-element-9c021e4 e-con-full animated-fast e-flex elementor-invisible e-con e-child\" data-id=\"9c021e4\" data-element_type=\"container\" data-settings=\"{&quot;background_background&quot;:&quot;classic&quot;,&quot;animation&quot;:&quot;fadeInUp&quot;,&quot;animation_delay&quot;:&quot;200&quot;}\">\n\t\t<div class=\"elementor-element elementor-element-b976991 e-con-full e-flex e-con e-child\" data-id=\"b976991\" data-element_type=\"container\" data-settings=\"{&quot;background_background&quot;:&quot;classic&quot;}\">\n\t\t\t\t<div class=\"elementor-element elementor-element-5c06b2f elementor-widget elementor-widget-spacer\" data-id=\"5c06b2f\" data-element_type=\"widget\" data-widget_type=\"spacer.default\">\n\t\t\t\t\t\t\t<div class=\"elementor-spacer\">\n\t\t\t<div class=\"elementor-spacer-inner\"><\/div>\n\t\t<\/div>\n\t\t\t\t\t\t<\/div>\n\t\t\t\t<\/div>\n\t\t<div class=\"elementor-element elementor-element-34456da e-con-full e-flex e-con e-child\" data-id=\"34456da\" data-element_type=\"container\" data-settings=\"{&quot;background_background&quot;:&quot;classic&quot;}\">\n\t\t\t\t<div class=\"elementor-element elementor-element-6ae64a0 h-fix elementor-widget elementor-widget-heading\" data-id=\"6ae64a0\" data-element_type=\"widget\" data-widget_type=\"heading.default\">\n\t\t\t\t\t<h2 class=\"elementor-heading-title elementor-size-default translation-block\">Comment \u00e7a marche<\/h2>\t\t\t\t<\/div>\n\t\t<div class=\"elementor-element elementor-element-c172af3 e-con-full e-flex e-con e-child\" data-id=\"c172af3\" data-element_type=\"container\">\n\t\t\t\t<div class=\"elementor-element elementor-element-70cf13b elementor-widget__width-initial animated-fast elementor-position-top elementor-invisible elementor-widget elementor-widget-image-box\" data-id=\"70cf13b\" data-element_type=\"widget\" data-settings=\"{&quot;_animation&quot;:&quot;fadeInUp&quot;,&quot;_animation_delay&quot;:&quot;100&quot;}\" data-widget_type=\"image-box.default\">\n\t\t\t\t\t<div class=\"elementor-image-box-wrapper\"><figure class=\"elementor-image-box-img\"><img fetchpriority=\"high\" decoding=\"async\" width=\"1080\" height=\"1080\" src=\"https:\/\/cosmo.itbeit.com\/wp-content\/uploads\/2025\/09\/17.png\" class=\"attachment-full size-full wp-image-243\" alt=\"\" srcset=\"https:\/\/cosmo.itbeit.com\/wp-content\/uploads\/2025\/09\/17.png 1080w, https:\/\/cosmo.itbeit.com\/wp-content\/uploads\/2025\/09\/17-300x300.png 300w, https:\/\/cosmo.itbeit.com\/wp-content\/uploads\/2025\/09\/17-1024x1024.png 1024w, https:\/\/cosmo.itbeit.com\/wp-content\/uploads\/2025\/09\/17-150x150.png 150w, https:\/\/cosmo.itbeit.com\/wp-content\/uploads\/2025\/09\/17-768x768.png 768w, https:\/\/cosmo.itbeit.com\/wp-content\/uploads\/2025\/09\/17-600x600.png 600w, https:\/\/cosmo.itbeit.com\/wp-content\/uploads\/2025\/09\/17-100x100.png 100w\" sizes=\"(max-width: 1080px) 100vw, 1080px\" \/><\/figure><div class=\"elementor-image-box-content\"><h3 class=\"elementor-image-box-title\">Cr\u00e9er votre profil<\/h3><p class=\"elementor-image-box-description\">Ajoutez votre \u00e2ge, type de peau, climat, pr\u00e9occupations et pr\u00e9f\u00e9rences produits.<\/p><\/div><\/div>\t\t\t\t<\/div>\n\t\t\t\t<div class=\"elementor-element elementor-element-8773506 elementor-widget__width-initial animated-fast elementor-position-top elementor-invisible elementor-widget elementor-widget-image-box\" data-id=\"8773506\" data-element_type=\"widget\" data-settings=\"{&quot;_animation&quot;:&quot;fadeInUp&quot;,&quot;_animation_delay&quot;:&quot;100&quot;}\" data-widget_type=\"image-box.default\">\n\t\t\t\t\t<div class=\"elementor-image-box-wrapper\"><figure class=\"elementor-image-box-img\"><img decoding=\"async\" width=\"1080\" height=\"1080\" src=\"https:\/\/cosmo.itbeit.com\/wp-content\/uploads\/2025\/09\/18.png\" class=\"attachment-full size-full wp-image-244\" alt=\"\" srcset=\"https:\/\/cosmo.itbeit.com\/wp-content\/uploads\/2025\/09\/18.png 1080w, https:\/\/cosmo.itbeit.com\/wp-content\/uploads\/2025\/09\/18-300x300.png 300w, https:\/\/cosmo.itbeit.com\/wp-content\/uploads\/2025\/09\/18-1024x1024.png 1024w, https:\/\/cosmo.itbeit.com\/wp-content\/uploads\/2025\/09\/18-150x150.png 150w, https:\/\/cosmo.itbeit.com\/wp-content\/uploads\/2025\/09\/18-768x768.png 768w, https:\/\/cosmo.itbeit.com\/wp-content\/uploads\/2025\/09\/18-600x600.png 600w, https:\/\/cosmo.itbeit.com\/wp-content\/uploads\/2025\/09\/18-100x100.png 100w\" sizes=\"(max-width: 1080px) 100vw, 1080px\" \/><\/figure><div class=\"elementor-image-box-content\"><h3 class=\"elementor-image-box-title\">Analyser &amp; explorer<\/h3><p class=\"elementor-image-box-description\">Obtenez imm\u00e9diatement des analyses des ingr\u00e9dients, de la compatibilit\u00e9 et de l\u2019efficacit\u00e9.<\/p><\/div><\/div>\t\t\t\t<\/div>\n\t\t\t\t<div class=\"elementor-element elementor-element-d6440c4 elementor-widget__width-initial animated-fast elementor-position-top elementor-invisible elementor-widget elementor-widget-image-box\" data-id=\"d6440c4\" data-element_type=\"widget\" data-settings=\"{&quot;_animation&quot;:&quot;fadeInUp&quot;,&quot;_animation_delay&quot;:&quot;100&quot;}\" data-widget_type=\"image-box.default\">\n\t\t\t\t\t<div class=\"elementor-image-box-wrapper\"><figure class=\"elementor-image-box-img\"><img decoding=\"async\" width=\"1080\" height=\"1080\" src=\"https:\/\/cosmo.itbeit.com\/wp-content\/uploads\/2025\/09\/19.png\" class=\"attachment-full size-full wp-image-245\" alt=\"\" srcset=\"https:\/\/cosmo.itbeit.com\/wp-content\/uploads\/2025\/09\/19.png 1080w, https:\/\/cosmo.itbeit.com\/wp-content\/uploads\/2025\/09\/19-300x300.png 300w, https:\/\/cosmo.itbeit.com\/wp-content\/uploads\/2025\/09\/19-1024x1024.png 1024w, https:\/\/cosmo.itbeit.com\/wp-content\/uploads\/2025\/09\/19-150x150.png 150w, https:\/\/cosmo.itbeit.com\/wp-content\/uploads\/2025\/09\/19-768x768.png 768w, https:\/\/cosmo.itbeit.com\/wp-content\/uploads\/2025\/09\/19-600x600.png 600w, https:\/\/cosmo.itbeit.com\/wp-content\/uploads\/2025\/09\/19-100x100.png 100w\" sizes=\"(max-width: 1080px) 100vw, 1080px\" \/><\/figure><div class=\"elementor-image-box-content\"><h3 class=\"elementor-image-box-title translation-block\">Suivre votre plan<\/h3><p class=\"elementor-image-box-description\">Recevez des routines de soins personnalis\u00e9es, des alternatives et des conseils pour optimiser vos r\u00e9sultats.<\/p><\/div><\/div>\t\t\t\t<\/div>\n\t\t\t\t<\/div>\n\t\t\t\t<\/div>\n\t\t\t\t<\/div>\n\t\t\t\t\t<\/div>\n\t\t\t\t<\/div>\n\t\t<div class=\"elementor-element elementor-element-9b32736 e-flex e-con-boxed e-con e-parent\" data-id=\"9b32736\" data-element_type=\"container\" data-settings=\"{&quot;background_background&quot;:&quot;classic&quot;}\">\n\t\t\t\t\t<div class=\"e-con-inner\">\n\t\t<div class=\"elementor-element elementor-element-8006cdc animated-fast e-flex e-con-boxed elementor-invisible e-con e-child\" data-id=\"8006cdc\" data-element_type=\"container\" data-settings=\"{&quot;background_background&quot;:&quot;classic&quot;,&quot;animation&quot;:&quot;fadeInUp&quot;,&quot;animation_delay&quot;:&quot;200&quot;}\">\n\t\t\t\t\t<div class=\"e-con-inner\">\n\t\t<div class=\"elementor-element elementor-element-01f4883 e-con-full e-flex e-con e-child\" data-id=\"01f4883\" data-element_type=\"container\">\n\t\t\t\t<div class=\"elementor-element elementor-element-6415b7c h-fix elementor-widget elementor-widget-heading\" data-id=\"6415b7c\" data-element_type=\"widget\" data-widget_type=\"heading.default\">\n\t\t\t\t\t<h2 class=\"elementor-heading-title elementor-size-default translation-block\">Important \u00e0 savoir<\/h2>\t\t\t\t<\/div>\n\t\t\t\t<div class=\"elementor-element elementor-element-9f6d37f elementor-widget__width-initial elementor-widget elementor-widget-text-editor\" data-id=\"9f6d37f\" data-element_type=\"widget\" data-widget_type=\"text-editor.default\">\n\t\t\t\t\t\t\t\t\t<p class=\"translation-block\">Cliniquemode n\u2019est pas un service m\u00e9dical. Nous ne sommes pas m\u00e9decins, dermatologues ou cosm\u00e9tologues.\nToutes les informations sont recommandationnelles et \u00e9ducatives. Pour tout conseil m\u00e9dical, consultez toujours un sp\u00e9cialiste qualifi\u00e9.<\/p>\t\t\t\t\t\t\t\t<\/div>\n\t\t\t\t<\/div>\n\t\t<div class=\"elementor-element elementor-element-ec4d7a2 e-con-full e-flex e-con e-child\" data-id=\"ec4d7a2\" data-element_type=\"container\">\n\t\t\t\t<div class=\"elementor-element elementor-element-564efa4 e-transform e-transform elementor-widget elementor-widget-image\" data-id=\"564efa4\" data-element_type=\"widget\" data-settings=\"{&quot;_transform_rotateZ_effect&quot;:{&quot;unit&quot;:&quot;px&quot;,&quot;size&quot;:&quot;-7&quot;,&quot;sizes&quot;:[]},&quot;_transform_translateX_effect&quot;:{&quot;unit&quot;:&quot;px&quot;,&quot;size&quot;:&quot;-11&quot;,&quot;sizes&quot;:[]},&quot;_transform_translateY_effect&quot;:{&quot;unit&quot;:&quot;px&quot;,&quot;size&quot;:&quot;-14&quot;,&quot;sizes&quot;:[]},&quot;_transform_rotateZ_effect_laptop&quot;:{&quot;unit&quot;:&quot;deg&quot;,&quot;size&quot;:&quot;&quot;,&quot;sizes&quot;:[]},&quot;_transform_rotateZ_effect_tablet&quot;:{&quot;unit&quot;:&quot;deg&quot;,&quot;size&quot;:&quot;&quot;,&quot;sizes&quot;:[]},&quot;_transform_rotateZ_effect_mobile&quot;:{&quot;unit&quot;:&quot;deg&quot;,&quot;size&quot;:&quot;&quot;,&quot;sizes&quot;:[]},&quot;_transform_translateX_effect_laptop&quot;:{&quot;unit&quot;:&quot;px&quot;,&quot;size&quot;:&quot;&quot;,&quot;sizes&quot;:[]},&quot;_transform_translateX_effect_tablet&quot;:{&quot;unit&quot;:&quot;px&quot;,&quot;size&quot;:&quot;&quot;,&quot;sizes&quot;:[]},&quot;_transform_translateX_effect_mobile&quot;:{&quot;unit&quot;:&quot;px&quot;,&quot;size&quot;:&quot;&quot;,&quot;sizes&quot;:[]},&quot;_transform_translateY_effect_laptop&quot;:{&quot;unit&quot;:&quot;px&quot;,&quot;size&quot;:&quot;&quot;,&quot;sizes&quot;:[]},&quot;_transform_translateY_effect_tablet&quot;:{&quot;unit&quot;:&quot;px&quot;,&quot;size&quot;:&quot;&quot;,&quot;sizes&quot;:[]},&quot;_transform_translateY_effect_mobile&quot;:{&quot;unit&quot;:&quot;px&quot;,&quot;size&quot;:&quot;&quot;,&quot;sizes&quot;:[]}}\" data-widget_type=\"image.default\">\n\t\t\t\t\t\t\t\t\t\t\t\t\t\t\t<img loading=\"lazy\" decoding=\"async\" width=\"1632\" height=\"920\" src=\"https:\/\/cosmo.itbeit.com\/wp-content\/uploads\/2025\/10\/cliniquemode49.webp\" class=\"attachment-full size-full wp-image-1172\" alt=\"\" srcset=\"https:\/\/cosmo.itbeit.com\/wp-content\/uploads\/2025\/10\/cliniquemode49.webp 1632w, https:\/\/cosmo.itbeit.com\/wp-content\/uploads\/2025\/10\/cliniquemode49-300x169.webp 300w, https:\/\/cosmo.itbeit.com\/wp-content\/uploads\/2025\/10\/cliniquemode49-1024x577.webp 1024w, https:\/\/cosmo.itbeit.com\/wp-content\/uploads\/2025\/10\/cliniquemode49-768x433.webp 768w, https:\/\/cosmo.itbeit.com\/wp-content\/uploads\/2025\/10\/cliniquemode49-1536x866.webp 1536w, https:\/\/cosmo.itbeit.com\/wp-content\/uploads\/2025\/10\/cliniquemode49-18x10.webp 18w, https:\/\/cosmo.itbeit.com\/wp-content\/uploads\/2025\/10\/cliniquemode49-600x338.webp 600w\" sizes=\"(max-width: 1632px) 100vw, 1632px\" \/>\t\t\t\t\t\t\t\t\t\t\t\t\t\t\t<\/div>\n\t\t\t\t<div class=\"elementor-element elementor-element-676657b e-transform e-transform elementor-widget elementor-widget-image\" data-id=\"676657b\" data-element_type=\"widget\" data-settings=\"{&quot;_transform_rotateZ_effect&quot;:{&quot;unit&quot;:&quot;px&quot;,&quot;size&quot;:&quot;8&quot;,&quot;sizes&quot;:[]},&quot;_transform_translateX_effect&quot;:{&quot;unit&quot;:&quot;px&quot;,&quot;size&quot;:&quot;-16&quot;,&quot;sizes&quot;:[]},&quot;_transform_translateX_effect_tablet&quot;:{&quot;unit&quot;:&quot;px&quot;,&quot;size&quot;:&quot;23&quot;,&quot;sizes&quot;:[]},&quot;_transform_translateY_effect&quot;:{&quot;unit&quot;:&quot;px&quot;,&quot;size&quot;:&quot;25&quot;,&quot;sizes&quot;:[]},&quot;_transform_translateY_effect_tablet&quot;:{&quot;unit&quot;:&quot;px&quot;,&quot;size&quot;:&quot;11&quot;,&quot;sizes&quot;:[]},&quot;_transform_rotateZ_effect_laptop&quot;:{&quot;unit&quot;:&quot;deg&quot;,&quot;size&quot;:&quot;&quot;,&quot;sizes&quot;:[]},&quot;_transform_rotateZ_effect_tablet&quot;:{&quot;unit&quot;:&quot;deg&quot;,&quot;size&quot;:&quot;&quot;,&quot;sizes&quot;:[]},&quot;_transform_rotateZ_effect_mobile&quot;:{&quot;unit&quot;:&quot;deg&quot;,&quot;size&quot;:&quot;&quot;,&quot;sizes&quot;:[]},&quot;_transform_translateX_effect_laptop&quot;:{&quot;unit&quot;:&quot;px&quot;,&quot;size&quot;:&quot;&quot;,&quot;sizes&quot;:[]},&quot;_transform_translateX_effect_mobile&quot;:{&quot;unit&quot;:&quot;px&quot;,&quot;size&quot;:&quot;&quot;,&quot;sizes&quot;:[]},&quot;_transform_translateY_effect_laptop&quot;:{&quot;unit&quot;:&quot;px&quot;,&quot;size&quot;:&quot;&quot;,&quot;sizes&quot;:[]},&quot;_transform_translateY_effect_mobile&quot;:{&quot;unit&quot;:&quot;px&quot;,&quot;size&quot;:&quot;&quot;,&quot;sizes&quot;:[]}}\" data-widget_type=\"image.default\">\n\t\t\t\t\t\t\t\t\t\t\t\t\t\t\t<img loading=\"lazy\" decoding=\"async\" width=\"1504\" height=\"1000\" src=\"https:\/\/cosmo.itbeit.com\/wp-content\/uploads\/2025\/10\/cliniquemode77.webp\" class=\"attachment-full size-full wp-image-1200\" alt=\"\" srcset=\"https:\/\/cosmo.itbeit.com\/wp-content\/uploads\/2025\/10\/cliniquemode77.webp 1504w, https:\/\/cosmo.itbeit.com\/wp-content\/uploads\/2025\/10\/cliniquemode77-300x199.webp 300w, https:\/\/cosmo.itbeit.com\/wp-content\/uploads\/2025\/10\/cliniquemode77-1024x681.webp 1024w, https:\/\/cosmo.itbeit.com\/wp-content\/uploads\/2025\/10\/cliniquemode77-768x511.webp 768w, https:\/\/cosmo.itbeit.com\/wp-content\/uploads\/2025\/10\/cliniquemode77-18x12.webp 18w, https:\/\/cosmo.itbeit.com\/wp-content\/uploads\/2025\/10\/cliniquemode77-600x399.webp 600w\" sizes=\"(max-width: 1504px) 100vw, 1504px\" \/>\t\t\t\t\t\t\t\t\t\t\t\t\t\t\t<\/div>\n\t\t\t\t<\/div>\n\t\t\t\t\t<\/div>\n\t\t\t\t<\/div>\n\t\t\t\t\t<\/div>\n\t\t\t\t<\/div>\n\t\t\t\t<\/div>","protected":false},"excerpt":{"rendered":"<p>Measure Effectiveness With Confidence try now Your Safety, Our Priority My account Get Started The Measure Effectiveness tool helps you evaluate whether a skincare product truly delivers on its promises. By analyzing ingredient concentrations and scientific evidence, Cliniquemode shows if a product can realistically achieve its claimed results \u2014 whether that\u2019s hydration, acne treatment, anti-aging, [&hellip;]<\/p>","protected":false},"author":2,"featured_media":0,"parent":0,"menu_order":0,"comment_status":"closed","ping_status":"closed","template":"","meta":{"footnotes":""},"class_list":["post-638","page","type-page","status-publish","hentry"],"_links":{"self":[{"href":"https:\/\/cosmo.itbeit.com\/fr\/wp-json\/wp\/v2\/pages\/638","targetHints":{"allow":["GET"]}}],"collection":[{"href":"https:\/\/cosmo.itbeit.com\/fr\/wp-json\/wp\/v2\/pages"}],"about":[{"href":"https:\/\/cosmo.itbeit.com\/fr\/wp-json\/wp\/v2\/types\/page"}],"author":[{"embeddable":true,"href":"https:\/\/cosmo.itbeit.com\/fr\/wp-json\/wp\/v2\/users\/2"}],"replies":[{"embeddable":true,"href":"https:\/\/cosmo.itbeit.com\/fr\/wp-json\/wp\/v2\/comments?post=638"}],"version-history":[{"count":16,"href":"https:\/\/cosmo.itbeit.com\/fr\/wp-json\/wp\/v2\/pages\/638\/revisions"}],"predecessor-version":[{"id":1471,"href":"https:\/\/cosmo.itbeit.com\/fr\/wp-json\/wp\/v2\/pages\/638\/revisions\/1471"}],"wp:attachment":[{"href":"https:\/\/cosmo.itbeit.com\/fr\/wp-json\/wp\/v2\/media?parent=638"}],"curies":[{"name":"wp","href":"https:\/\/api.w.org\/{rel}","templated":true}]}}